{"id":12829,"date":"2021-06-23T14:17:35","date_gmt":"2021-06-23T14:17:35","guid":{"rendered":"https:\/\/server.idssoft.net\/idsdemo\/producto\/destructora-12c-corte-en-particulas-4x40mm-18-litros-fel\/"},"modified":"2021-06-23T14:17:35","modified_gmt":"2021-06-23T14:17:35","slug":"destructora-12c-corte-en-particulas-4x40mm-18-litros-fel","status":"publish","type":"product","link":"https:\/\/server.idssoft.net\/idsdemo\/producto\/destructora-12c-corte-en-particulas-4x40mm-18-litros-fel\/","title":{"rendered":"DESTRUCTORA 12C | CORTE EN PARTICULAS 4X40MM | 18 LITROS FEL"},"content":{"rendered":"<p>&#8211; Tipo de alimentaci\u00f3n: Alimentaci\u00f3n manual<br \/>&#8211; Tipo de papelera: Papelera extraible<br \/>&#8211; Capacidad de Cesto &#8211; (litros): 18<br \/>&#8211; Destruye tambi\u00e9n:<br \/>    Grapas<br \/>    Tarjetas de cr\u00e9dito<br \/>&#8211; Color: Negro<br \/>&#8211; Tama\u00f1o de corte: 4 x 40mm&lt;b<\/p>\n","protected":false},"excerpt":{"rendered":"<p>&#8211; Tipo de alimentaci\u00f3n: Alimentaci\u00f3n manual&#8211; Tipo de papelera: Papelera extraible&#8211; Capacidad de Cesto &#8211; (litros): 18&#8211; Destruye tambi\u00e9n: Grapas Tarjetas de cr\u00e9dito&#8211; Color: Negro&#8211; Tama\u00f1o de corte: 4 x 40mm&lt;b<\/p>\n","protected":false},"featured_media":12828,"comment_status":"open","ping_status":"closed","template":"","meta":[],"product_cat":[458],"product_tag":[],"class_list":["post-12829","product","type-product","status-publish","has-post-thumbnail","hentry","product_cat-destructoras","thunk-woo-product-list","opn-qv-enable","top-store-woo-hover-","top-store-single-product-tab-horizontal","top-store-shadow-","top-store-shadow-hover-"],"_links":{"self":[{"href":"https:\/\/server.idssoft.net\/idsdemo\/wp-json\/wp\/v2\/product\/12829","targetHints":{"allow":["GET"]}}],"collection":[{"href":"https:\/\/server.idssoft.net\/idsdemo\/wp-json\/wp\/v2\/product"}],"about":[{"href":"https:\/\/server.idssoft.net\/idsdemo\/wp-json\/wp\/v2\/types\/product"}],"replies":[{"embeddable":true,"href":"https:\/\/server.idssoft.net\/idsdemo\/wp-json\/wp\/v2\/comments?post=12829"}],"wp:featuredmedia":[{"embeddable":true,"href":"https:\/\/server.idssoft.net\/idsdemo\/wp-json\/wp\/v2\/media\/12828"}],"wp:attachment":[{"href":"https:\/\/server.idssoft.net\/idsdemo\/wp-json\/wp\/v2\/media?parent=12829"}],"wp:term":[{"taxonomy":"product_cat","embeddable":true,"href":"https:\/\/server.idssoft.net\/idsdemo\/wp-json\/wp\/v2\/product_cat?post=12829"},{"taxonomy":"product_tag","embeddable":true,"href":"https:\/\/server.idssoft.net\/idsdemo\/wp-json\/wp\/v2\/product_tag?post=12829"}],"curies":[{"name":"wp","href":"https:\/\/api.w.org\/{rel}","templated":true}]}}