{"id":12840,"date":"2021-06-23T14:17:55","date_gmt":"2021-06-23T14:17:55","guid":{"rendered":"https:\/\/server.idssoft.net\/idsdemo\/producto\/destructora-w-61cb-corte-en-particulas-4x50mm-19-litros\/"},"modified":"2021-06-23T14:17:55","modified_gmt":"2021-06-23T14:17:55","slug":"destructora-w-61cb-corte-en-particulas-4x50mm-19-litros","status":"publish","type":"product","link":"https:\/\/server.idssoft.net\/idsdemo\/producto\/destructora-w-61cb-corte-en-particulas-4x50mm-19-litros\/","title":{"rendered":"DESTRUCTORA W-61CB | CORTE EN PARTICULAS 4X50MM | 19 LITROS"},"content":{"rendered":"<p>&#8211; Capacidad de hojas: 10<br \/>&#8211; Tipo de corte: Part\u00edculas<br \/>&#8211; Tama\u00f1o de corte: 4 x 50 mm<br \/>&#8211; Nivel de seguridad: P-3<br \/>&#8211; Tambi\u00e9n destruye: Tarjetas de cr\u00e9dito, grapas, clips<br \/>&#8211; Capacidad papelera: 19L<br \/>&#8211; Tipo de papelera: Extra\u00edble&lt;br\/<\/p>\n","protected":false},"excerpt":{"rendered":"<p>&#8211; Capacidad de hojas: 10&#8211; Tipo de corte: Part\u00edculas&#8211; Tama\u00f1o de corte: 4 x 50 mm&#8211; Nivel de seguridad: P-3&#8211; Tambi\u00e9n destruye: Tarjetas de cr\u00e9dito, grapas, clips&#8211; Capacidad papelera: 19L&#8211; Tipo de papelera: Extra\u00edble&lt;br\/<\/p>\n","protected":false},"featured_media":12838,"comment_status":"open","ping_status":"closed","template":"","meta":[],"product_cat":[458],"product_tag":[],"class_list":["post-12840","product","type-product","status-publish","has-post-thumbnail","hentry","product_cat-destructoras","thunk-woo-product-list","opn-qv-enable","top-store-woo-hover-","top-store-single-product-tab-horizontal","top-store-shadow-","top-store-shadow-hover-"],"_links":{"self":[{"href":"https:\/\/server.idssoft.net\/idsdemo\/wp-json\/wp\/v2\/product\/12840","targetHints":{"allow":["GET"]}}],"collection":[{"href":"https:\/\/server.idssoft.net\/idsdemo\/wp-json\/wp\/v2\/product"}],"about":[{"href":"https:\/\/server.idssoft.net\/idsdemo\/wp-json\/wp\/v2\/types\/product"}],"replies":[{"embeddable":true,"href":"https:\/\/server.idssoft.net\/idsdemo\/wp-json\/wp\/v2\/comments?post=12840"}],"wp:featuredmedia":[{"embeddable":true,"href":"https:\/\/server.idssoft.net\/idsdemo\/wp-json\/wp\/v2\/media\/12838"}],"wp:attachment":[{"href":"https:\/\/server.idssoft.net\/idsdemo\/wp-json\/wp\/v2\/media?parent=12840"}],"wp:term":[{"taxonomy":"product_cat","embeddable":true,"href":"https:\/\/server.idssoft.net\/idsdemo\/wp-json\/wp\/v2\/product_cat?post=12840"},{"taxonomy":"product_tag","embeddable":true,"href":"https:\/\/server.idssoft.net\/idsdemo\/wp-json\/wp\/v2\/product_tag?post=12840"}],"curies":[{"name":"wp","href":"https:\/\/api.w.org\/{rel}","templated":true}]}}