{"id":12846,"date":"2021-06-23T14:18:04","date_gmt":"2021-06-23T14:18:04","guid":{"rendered":"https:\/\/server.idssoft.net\/idsdemo\/producto\/destructora-6c-corte-en-particulas-4x35mm-11-litros-fell\/"},"modified":"2021-06-23T14:18:04","modified_gmt":"2021-06-23T14:18:04","slug":"destructora-6c-corte-en-particulas-4x35mm-11-litros-fell","status":"publish","type":"product","link":"https:\/\/server.idssoft.net\/idsdemo\/producto\/destructora-6c-corte-en-particulas-4x35mm-11-litros-fell\/","title":{"rendered":"DESTRUCTORA 6C | CORTE EN PARTICULAS 4X35MM | 11 LITROS FELL"},"content":{"rendered":"<p>&#8211; Alimentaci\u00f3n manual<br \/>&#8211; Papelera Capacidad (11 litros)<br \/>&#8211; Destruye Grapas,tarjetas de cr\u00e9dito,Clips<br \/>&#8211; Corte en Part\u00edculas<br \/>&#8211; Dimensiones productO cm 36.51 x 29.85 x 16.83<br \/>&#8211; Peso 3.63 KG<br \/>&#8211; Bloqueo de seguridad<br \/>&#8211; Capacidad d<\/p>\n","protected":false},"excerpt":{"rendered":"<p>&#8211; Alimentaci\u00f3n manual&#8211; Papelera Capacidad (11 litros)&#8211; Destruye Grapas,tarjetas de cr\u00e9dito,Clips&#8211; Corte en Part\u00edculas&#8211; Dimensiones productO cm 36.51 x 29.85 x 16.83&#8211; Peso 3.63 KG&#8211; Bloqueo de seguridad&#8211; Capacidad d<\/p>\n","protected":false},"featured_media":12844,"comment_status":"open","ping_status":"closed","template":"","meta":[],"product_cat":[458],"product_tag":[],"class_list":["post-12846","product","type-product","status-publish","has-post-thumbnail","hentry","product_cat-destructoras","thunk-woo-product-list","opn-qv-enable","top-store-woo-hover-","top-store-single-product-tab-horizontal","top-store-shadow-","top-store-shadow-hover-"],"_links":{"self":[{"href":"https:\/\/server.idssoft.net\/idsdemo\/wp-json\/wp\/v2\/product\/12846","targetHints":{"allow":["GET"]}}],"collection":[{"href":"https:\/\/server.idssoft.net\/idsdemo\/wp-json\/wp\/v2\/product"}],"about":[{"href":"https:\/\/server.idssoft.net\/idsdemo\/wp-json\/wp\/v2\/types\/product"}],"replies":[{"embeddable":true,"href":"https:\/\/server.idssoft.net\/idsdemo\/wp-json\/wp\/v2\/comments?post=12846"}],"wp:featuredmedia":[{"embeddable":true,"href":"https:\/\/server.idssoft.net\/idsdemo\/wp-json\/wp\/v2\/media\/12844"}],"wp:attachment":[{"href":"https:\/\/server.idssoft.net\/idsdemo\/wp-json\/wp\/v2\/media?parent=12846"}],"wp:term":[{"taxonomy":"product_cat","embeddable":true,"href":"https:\/\/server.idssoft.net\/idsdemo\/wp-json\/wp\/v2\/product_cat?post=12846"},{"taxonomy":"product_tag","embeddable":true,"href":"https:\/\/server.idssoft.net\/idsdemo\/wp-json\/wp\/v2\/product_tag?post=12846"}],"curies":[{"name":"wp","href":"https:\/\/api.w.org\/{rel}","templated":true}]}}