{"id":12849,"date":"2021-06-23T14:18:09","date_gmt":"2021-06-23T14:18:09","guid":{"rendered":"https:\/\/server.idssoft.net\/idsdemo\/producto\/destructora-8cd-corte-en-particulas-4x35mm-14-litros-fel\/"},"modified":"2021-06-23T14:18:09","modified_gmt":"2021-06-23T14:18:09","slug":"destructora-8cd-corte-en-particulas-4x35mm-14-litros-fel","status":"publish","type":"product","link":"https:\/\/server.idssoft.net\/idsdemo\/producto\/destructora-8cd-corte-en-particulas-4x35mm-14-litros-fel\/","title":{"rendered":"DESTRUCTORA 8CD | CORTE EN PART\u00cdCULAS 4X35MM | 14 LITROS FEL"},"content":{"rendered":"<p>&#8211; Capacidad de papelera &#8211; (litros): 14<br \/>&#8211; Destruye tambi\u00e9n Grapas,Tarjetas de cr\u00e9dito,Clips<br \/>&#8211; Color: Negro<br \/>&#8211; Tama\u00f1o de corte: 4 x 35mm<br \/>&#8211; Tipo de corte: Corte en Part\u00edculas<br \/>&#8211; Nivel de Seguridad: P-4<br \/>&#8211; DIN Level &#8211; Credit Cards<\/p>\n","protected":false},"excerpt":{"rendered":"<p>&#8211; Capacidad de papelera &#8211; (litros): 14&#8211; Destruye tambi\u00e9n Grapas,Tarjetas de cr\u00e9dito,Clips&#8211; Color: Negro&#8211; Tama\u00f1o de corte: 4 x 35mm&#8211; Tipo de corte: Corte en Part\u00edculas&#8211; Nivel de Seguridad: P-4&#8211; DIN Level &#8211; Credit Cards<\/p>\n","protected":false},"featured_media":12847,"comment_status":"open","ping_status":"closed","template":"","meta":[],"product_cat":[458],"product_tag":[],"class_list":["post-12849","product","type-product","status-publish","has-post-thumbnail","hentry","product_cat-destructoras","thunk-woo-product-list","opn-qv-enable","top-store-woo-hover-","top-store-single-product-tab-horizontal","top-store-shadow-","top-store-shadow-hover-"],"_links":{"self":[{"href":"https:\/\/server.idssoft.net\/idsdemo\/wp-json\/wp\/v2\/product\/12849","targetHints":{"allow":["GET"]}}],"collection":[{"href":"https:\/\/server.idssoft.net\/idsdemo\/wp-json\/wp\/v2\/product"}],"about":[{"href":"https:\/\/server.idssoft.net\/idsdemo\/wp-json\/wp\/v2\/types\/product"}],"replies":[{"embeddable":true,"href":"https:\/\/server.idssoft.net\/idsdemo\/wp-json\/wp\/v2\/comments?post=12849"}],"wp:featuredmedia":[{"embeddable":true,"href":"https:\/\/server.idssoft.net\/idsdemo\/wp-json\/wp\/v2\/media\/12847"}],"wp:attachment":[{"href":"https:\/\/server.idssoft.net\/idsdemo\/wp-json\/wp\/v2\/media?parent=12849"}],"wp:term":[{"taxonomy":"product_cat","embeddable":true,"href":"https:\/\/server.idssoft.net\/idsdemo\/wp-json\/wp\/v2\/product_cat?post=12849"},{"taxonomy":"product_tag","embeddable":true,"href":"https:\/\/server.idssoft.net\/idsdemo\/wp-json\/wp\/v2\/product_tag?post=12849"}],"curies":[{"name":"wp","href":"https:\/\/api.w.org\/{rel}","templated":true}]}}