{"id":12851,"date":"2021-06-23T14:18:13","date_gmt":"2021-06-23T14:18:13","guid":{"rendered":"https:\/\/server.idssoft.net\/idsdemo\/producto\/raton-usb-1000dpi-1-30metros-negro-trust\/"},"modified":"2021-06-23T14:18:13","modified_gmt":"2021-06-23T14:18:13","slug":"raton-usb-1000dpi-1-30metros-negro-trust","status":"publish","type":"product","link":"https:\/\/server.idssoft.net\/idsdemo\/producto\/raton-usb-1000dpi-1-30metros-negro-trust\/","title":{"rendered":"RATON USB 1000DPI 1.30METROS NEGRO TRUST"},"content":{"rendered":"<p>Rat\u00f3n \u00f3ptico de 3 botones con tecnolog\u00eda \u00f3ptica de 1.000 dpi<\/p>\n<p>Caracter\u00edsticas: <\/p>\n<p>&#8211; Sensor \u00f3ptico de 1.200 ppp. <br \/>&#8211; Para usuarios diestros y zurdos. <br \/>&#8211; Recubrimiento de caucho en la parte superior para un mejor agarre.  &lt;\/p<\/p>\n","protected":false},"excerpt":{"rendered":"<p>Rat\u00f3n \u00f3ptico de 3 botones con tecnolog\u00eda \u00f3ptica de 1.000 dpi Caracter\u00edsticas: &#8211; Sensor \u00f3ptico de 1.200 ppp. &#8211; Para usuarios diestros y zurdos. &#8211; Recubrimiento de caucho en la parte superior para un mejor agarre. &lt;\/p<\/p>\n","protected":false},"featured_media":12850,"comment_status":"open","ping_status":"closed","template":"","meta":[],"product_cat":[480],"product_tag":[],"class_list":["post-12851","product","type-product","status-publish","has-post-thumbnail","hentry","product_cat-ratones","thunk-woo-product-list","opn-qv-enable","top-store-woo-hover-","top-store-single-product-tab-horizontal","top-store-shadow-","top-store-shadow-hover-"],"_links":{"self":[{"href":"https:\/\/server.idssoft.net\/idsdemo\/wp-json\/wp\/v2\/product\/12851","targetHints":{"allow":["GET"]}}],"collection":[{"href":"https:\/\/server.idssoft.net\/idsdemo\/wp-json\/wp\/v2\/product"}],"about":[{"href":"https:\/\/server.idssoft.net\/idsdemo\/wp-json\/wp\/v2\/types\/product"}],"replies":[{"embeddable":true,"href":"https:\/\/server.idssoft.net\/idsdemo\/wp-json\/wp\/v2\/comments?post=12851"}],"wp:featuredmedia":[{"embeddable":true,"href":"https:\/\/server.idssoft.net\/idsdemo\/wp-json\/wp\/v2\/media\/12850"}],"wp:attachment":[{"href":"https:\/\/server.idssoft.net\/idsdemo\/wp-json\/wp\/v2\/media?parent=12851"}],"wp:term":[{"taxonomy":"product_cat","embeddable":true,"href":"https:\/\/server.idssoft.net\/idsdemo\/wp-json\/wp\/v2\/product_cat?post=12851"},{"taxonomy":"product_tag","embeddable":true,"href":"https:\/\/server.idssoft.net\/idsdemo\/wp-json\/wp\/v2\/product_tag?post=12851"}],"curies":[{"name":"wp","href":"https:\/\/api.w.org\/{rel}","templated":true}]}}