{"id":12853,"date":"2021-06-23T14:18:17","date_gmt":"2021-06-23T14:18:17","guid":{"rendered":"https:\/\/server.idssoft.net\/idsdemo\/producto\/raton-usb-gaming-2000dpi-ziva-negro-trust\/"},"modified":"2021-06-23T14:18:17","modified_gmt":"2021-06-23T14:18:17","slug":"raton-usb-gaming-2000dpi-ziva-negro-trust","status":"publish","type":"product","link":"https:\/\/server.idssoft.net\/idsdemo\/producto\/raton-usb-gaming-2000dpi-ziva-negro-trust\/","title":{"rendered":"RATON USB GAMING 2000DPI ZIVA NEGRO TRUST"},"content":{"rendered":"<p>Rat\u00f3n de precisi\u00f3n para jugar a juegos de ordenador con 6 botones e iluminaci\u00f3n. <\/p>\n<p>Caracter\u00edsticas: <\/p>\n<p>&#8211; 6 botones de respuesta<br \/>&#8211; Bot\u00f3n de selecci\u00f3n de velocidad (800\/1200\/1600\/2000 dpi)<br \/>&#8211; Iluminaci\u00f3n LED de respiraci\u00f3n<\/p>\n","protected":false},"excerpt":{"rendered":"<p>Rat\u00f3n de precisi\u00f3n para jugar a juegos de ordenador con 6 botones e iluminaci\u00f3n. Caracter\u00edsticas: &#8211; 6 botones de respuesta&#8211; Bot\u00f3n de selecci\u00f3n de velocidad (800\/1200\/1600\/2000 dpi)&#8211; Iluminaci\u00f3n LED de respiraci\u00f3n<\/p>\n","protected":false},"featured_media":12852,"comment_status":"open","ping_status":"closed","template":"","meta":[],"product_cat":[461],"product_tag":[],"class_list":["post-12853","product","type-product","status-publish","has-post-thumbnail","hentry","product_cat-teclados-y-ratones-gaming","thunk-woo-product-list","opn-qv-enable","top-store-woo-hover-","top-store-single-product-tab-horizontal","top-store-shadow-","top-store-shadow-hover-"],"_links":{"self":[{"href":"https:\/\/server.idssoft.net\/idsdemo\/wp-json\/wp\/v2\/product\/12853","targetHints":{"allow":["GET"]}}],"collection":[{"href":"https:\/\/server.idssoft.net\/idsdemo\/wp-json\/wp\/v2\/product"}],"about":[{"href":"https:\/\/server.idssoft.net\/idsdemo\/wp-json\/wp\/v2\/types\/product"}],"replies":[{"embeddable":true,"href":"https:\/\/server.idssoft.net\/idsdemo\/wp-json\/wp\/v2\/comments?post=12853"}],"wp:featuredmedia":[{"embeddable":true,"href":"https:\/\/server.idssoft.net\/idsdemo\/wp-json\/wp\/v2\/media\/12852"}],"wp:attachment":[{"href":"https:\/\/server.idssoft.net\/idsdemo\/wp-json\/wp\/v2\/media?parent=12853"}],"wp:term":[{"taxonomy":"product_cat","embeddable":true,"href":"https:\/\/server.idssoft.net\/idsdemo\/wp-json\/wp\/v2\/product_cat?post=12853"},{"taxonomy":"product_tag","embeddable":true,"href":"https:\/\/server.idssoft.net\/idsdemo\/wp-json\/wp\/v2\/product_tag?post=12853"}],"curies":[{"name":"wp","href":"https:\/\/api.w.org\/{rel}","templated":true}]}}