{"id":12859,"date":"2021-06-23T14:18:26","date_gmt":"2021-06-23T14:18:26","guid":{"rendered":"https:\/\/server.idssoft.net\/idsdemo\/producto\/deshumidificador-dh-250-27w-desconexion-aut-500ml-orbeg\/"},"modified":"2021-06-23T14:18:26","modified_gmt":"2021-06-23T14:18:26","slug":"deshumidificador-dh-250-27w-desconexion-aut-500ml-orbeg","status":"publish","type":"product","link":"https:\/\/server.idssoft.net\/idsdemo\/producto\/deshumidificador-dh-250-27w-desconexion-aut-500ml-orbeg\/","title":{"rendered":"DESHUMIDIFICADOR DH-250 27W | DESCONEXION AUT. | 500ML ORBEG"},"content":{"rendered":"<p>&#8211; 250 ml por d\u00eda a 30 \u00baC, 80% HR.<br \/>&#8211; Capacidad del dep\u00f3sito de agua: 500 ml.<br \/>&#8211; Medidas: 15,4 x 21,8 x 13 cm.<br \/>&#8211; Potencia: 27 W.<br \/>&#8211; Desconexi\u00f3n autom\u00e1tica con indicador luminoso.<br \/>&#8211; Ideal para usar en peque\u00f1os espacios.<\/p>\n","protected":false},"excerpt":{"rendered":"<p>&#8211; 250 ml por d\u00eda a 30 \u00baC, 80% HR.&#8211; Capacidad del dep\u00f3sito de agua: 500 ml.&#8211; Medidas: 15,4 x 21,8 x 13 cm.&#8211; Potencia: 27 W.&#8211; Desconexi\u00f3n autom\u00e1tica con indicador luminoso.&#8211; Ideal para usar en peque\u00f1os espacios.<\/p>\n","protected":false},"featured_media":12857,"comment_status":"open","ping_status":"closed","template":"","meta":[],"product_cat":[497],"product_tag":[],"class_list":["post-12859","product","type-product","status-publish","has-post-thumbnail","hentry","product_cat-ventilacin","thunk-woo-product-list","opn-qv-enable","top-store-woo-hover-","top-store-single-product-tab-horizontal","top-store-shadow-","top-store-shadow-hover-"],"_links":{"self":[{"href":"https:\/\/server.idssoft.net\/idsdemo\/wp-json\/wp\/v2\/product\/12859","targetHints":{"allow":["GET"]}}],"collection":[{"href":"https:\/\/server.idssoft.net\/idsdemo\/wp-json\/wp\/v2\/product"}],"about":[{"href":"https:\/\/server.idssoft.net\/idsdemo\/wp-json\/wp\/v2\/types\/product"}],"replies":[{"embeddable":true,"href":"https:\/\/server.idssoft.net\/idsdemo\/wp-json\/wp\/v2\/comments?post=12859"}],"wp:featuredmedia":[{"embeddable":true,"href":"https:\/\/server.idssoft.net\/idsdemo\/wp-json\/wp\/v2\/media\/12857"}],"wp:attachment":[{"href":"https:\/\/server.idssoft.net\/idsdemo\/wp-json\/wp\/v2\/media?parent=12859"}],"wp:term":[{"taxonomy":"product_cat","embeddable":true,"href":"https:\/\/server.idssoft.net\/idsdemo\/wp-json\/wp\/v2\/product_cat?post=12859"},{"taxonomy":"product_tag","embeddable":true,"href":"https:\/\/server.idssoft.net\/idsdemo\/wp-json\/wp\/v2\/product_tag?post=12859"}],"curies":[{"name":"wp","href":"https:\/\/api.w.org\/{rel}","templated":true}]}}