{"id":12865,"date":"2021-06-23T14:18:36","date_gmt":"2021-06-23T14:18:36","guid":{"rendered":"https:\/\/server.idssoft.net\/idsdemo\/producto\/telefono-sobremesa-spc-3804-negro-indicador-llamada-perdid\/"},"modified":"2021-06-23T14:18:36","modified_gmt":"2021-06-23T14:18:36","slug":"telefono-sobremesa-spc-3804-negro-indicador-llamada-perdid","status":"publish","type":"product","link":"https:\/\/server.idssoft.net\/idsdemo\/producto\/telefono-sobremesa-spc-3804-negro-indicador-llamada-perdid\/","title":{"rendered":"TELEFONO SOBREMESA SPC 3804 NEGRO | INDICADOR LLAMADA PERDID"},"content":{"rendered":"<p>&#8211; Funciona sin pilas<br \/>&#8211; Manos libres<br \/>&#8211; Agenda con 70 memorias alfanum\u00e9ricas<br \/>&#8211; Listado de llamadas recibidas: 83<br \/>&#8211; Listado de llamadas realizadas: 16<br \/>&#8211; Repetici\u00f3n del \u00faltimo marcado<br \/>&#8211; Llamada en espera<br \/>&#8211; Pantalla iluminada<\/p>\n","protected":false},"excerpt":{"rendered":"<p>&#8211; Funciona sin pilas&#8211; Manos libres&#8211; Agenda con 70 memorias alfanum\u00e9ricas&#8211; Listado de llamadas recibidas: 83&#8211; Listado de llamadas realizadas: 16&#8211; Repetici\u00f3n del \u00faltimo marcado&#8211; Llamada en espera&#8211; Pantalla iluminada<\/p>\n","protected":false},"featured_media":12863,"comment_status":"open","ping_status":"closed","template":"","meta":[],"product_cat":[487],"product_tag":[],"class_list":["post-12865","product","type-product","status-publish","has-post-thumbnail","hentry","product_cat-telefona-fija-sobremesa","thunk-woo-product-list","opn-qv-enable","top-store-woo-hover-","top-store-single-product-tab-horizontal","top-store-shadow-","top-store-shadow-hover-"],"_links":{"self":[{"href":"https:\/\/server.idssoft.net\/idsdemo\/wp-json\/wp\/v2\/product\/12865","targetHints":{"allow":["GET"]}}],"collection":[{"href":"https:\/\/server.idssoft.net\/idsdemo\/wp-json\/wp\/v2\/product"}],"about":[{"href":"https:\/\/server.idssoft.net\/idsdemo\/wp-json\/wp\/v2\/types\/product"}],"replies":[{"embeddable":true,"href":"https:\/\/server.idssoft.net\/idsdemo\/wp-json\/wp\/v2\/comments?post=12865"}],"wp:featuredmedia":[{"embeddable":true,"href":"https:\/\/server.idssoft.net\/idsdemo\/wp-json\/wp\/v2\/media\/12863"}],"wp:attachment":[{"href":"https:\/\/server.idssoft.net\/idsdemo\/wp-json\/wp\/v2\/media?parent=12865"}],"wp:term":[{"taxonomy":"product_cat","embeddable":true,"href":"https:\/\/server.idssoft.net\/idsdemo\/wp-json\/wp\/v2\/product_cat?post=12865"},{"taxonomy":"product_tag","embeddable":true,"href":"https:\/\/server.idssoft.net\/idsdemo\/wp-json\/wp\/v2\/product_tag?post=12865"}],"curies":[{"name":"wp","href":"https:\/\/api.w.org\/{rel}","templated":true}]}}