{"id":12881,"date":"2021-06-23T14:19:02","date_gmt":"2021-06-23T14:19:02","guid":{"rendered":"https:\/\/server.idssoft.net\/idsdemo\/producto\/maletin-para-portatiles-15-6-con-raton-inalambrico-wallaroo\/"},"modified":"2021-06-23T14:19:02","modified_gmt":"2021-06-23T14:19:02","slug":"maletin-para-portatiles-15-6-con-raton-inalambrico-wallaroo","status":"publish","type":"product","link":"https:\/\/server.idssoft.net\/idsdemo\/producto\/maletin-para-portatiles-15-6-con-raton-inalambrico-wallaroo\/","title":{"rendered":"MALETIN PARA PORTATILES 15.6 CON RATON INALAMBRICO WALLAROO"},"content":{"rendered":"<p>El mouse Natec Wallaroo est\u00e1 equipado con un sensor \u00f3ptico con una resoluci\u00f3n m\u00e1xima de 1600 DPI, Una ventaja adicional del mouse es un bot\u00f3n especial de interruptor DPI, El usuario puede elegir los valores entre 800-1200-1600 DPI.<\/p>\n<p>&#8211; M<\/p>\n","protected":false},"excerpt":{"rendered":"<p>El mouse Natec Wallaroo est\u00e1 equipado con un sensor \u00f3ptico con una resoluci\u00f3n m\u00e1xima de 1600 DPI, Una ventaja adicional del mouse es un bot\u00f3n especial de interruptor DPI, El usuario puede elegir los valores entre 800-1200-1600 DPI. &#8211; M<\/p>\n","protected":false},"featured_media":12879,"comment_status":"open","ping_status":"closed","template":"","meta":[],"product_cat":[484],"product_tag":[],"class_list":["post-12881","product","type-product","status-publish","has-post-thumbnail","hentry","product_cat-accesorios-para-portatiles","thunk-woo-product-list","opn-qv-enable","top-store-woo-hover-","top-store-single-product-tab-horizontal","top-store-shadow-","top-store-shadow-hover-"],"_links":{"self":[{"href":"https:\/\/server.idssoft.net\/idsdemo\/wp-json\/wp\/v2\/product\/12881","targetHints":{"allow":["GET"]}}],"collection":[{"href":"https:\/\/server.idssoft.net\/idsdemo\/wp-json\/wp\/v2\/product"}],"about":[{"href":"https:\/\/server.idssoft.net\/idsdemo\/wp-json\/wp\/v2\/types\/product"}],"replies":[{"embeddable":true,"href":"https:\/\/server.idssoft.net\/idsdemo\/wp-json\/wp\/v2\/comments?post=12881"}],"wp:featuredmedia":[{"embeddable":true,"href":"https:\/\/server.idssoft.net\/idsdemo\/wp-json\/wp\/v2\/media\/12879"}],"wp:attachment":[{"href":"https:\/\/server.idssoft.net\/idsdemo\/wp-json\/wp\/v2\/media?parent=12881"}],"wp:term":[{"taxonomy":"product_cat","embeddable":true,"href":"https:\/\/server.idssoft.net\/idsdemo\/wp-json\/wp\/v2\/product_cat?post=12881"},{"taxonomy":"product_tag","embeddable":true,"href":"https:\/\/server.idssoft.net\/idsdemo\/wp-json\/wp\/v2\/product_tag?post=12881"}],"curies":[{"name":"wp","href":"https:\/\/api.w.org\/{rel}","templated":true}]}}