{"id":12891,"date":"2021-06-23T14:19:20","date_gmt":"2021-06-23T14:19:20","guid":{"rendered":"https:\/\/server.idssoft.net\/idsdemo\/producto\/pack-10-viseras-face-shield-protectora-facial-completa\/"},"modified":"2021-06-23T14:19:20","modified_gmt":"2021-06-23T14:19:20","slug":"pack-10-viseras-face-shield-protectora-facial-completa","status":"publish","type":"product","link":"https:\/\/server.idssoft.net\/idsdemo\/producto\/pack-10-viseras-face-shield-protectora-facial-completa\/","title":{"rendered":"PACK 10 VISERAS FACE SHIELD PROTECTORA FACIAL COMPLETA"},"content":{"rendered":"<p>&#8211; Alta visibilidad<br \/>&#8211; Protege ojos y cara<br \/>&#8211; F\u00e1cil de instalar<br \/>&#8211; Uso c\u00f3modo, material de algod\u00f3n suave<br \/>&#8211; Transparente, evita la saliva, gotas, polen y polvo<br \/>&#8211; Pack de 10 unidades  <\/p>\n","protected":false},"excerpt":{"rendered":"<p>&#8211; Alta visibilidad&#8211; Protege ojos y cara&#8211; F\u00e1cil de instalar&#8211; Uso c\u00f3modo, material de algod\u00f3n suave&#8211; Transparente, evita la saliva, gotas, polen y polvo&#8211; Pack de 10 unidades<\/p>\n","protected":false},"featured_media":12890,"comment_status":"open","ping_status":"closed","template":"","meta":[],"product_cat":[649],"product_tag":[],"class_list":["post-12891","product","type-product","status-publish","has-post-thumbnail","hentry","product_cat-mascarillas-pantallas","thunk-woo-product-list","opn-qv-enable","top-store-woo-hover-","top-store-single-product-tab-horizontal","top-store-shadow-","top-store-shadow-hover-"],"_links":{"self":[{"href":"https:\/\/server.idssoft.net\/idsdemo\/wp-json\/wp\/v2\/product\/12891","targetHints":{"allow":["GET"]}}],"collection":[{"href":"https:\/\/server.idssoft.net\/idsdemo\/wp-json\/wp\/v2\/product"}],"about":[{"href":"https:\/\/server.idssoft.net\/idsdemo\/wp-json\/wp\/v2\/types\/product"}],"replies":[{"embeddable":true,"href":"https:\/\/server.idssoft.net\/idsdemo\/wp-json\/wp\/v2\/comments?post=12891"}],"wp:featuredmedia":[{"embeddable":true,"href":"https:\/\/server.idssoft.net\/idsdemo\/wp-json\/wp\/v2\/media\/12890"}],"wp:attachment":[{"href":"https:\/\/server.idssoft.net\/idsdemo\/wp-json\/wp\/v2\/media?parent=12891"}],"wp:term":[{"taxonomy":"product_cat","embeddable":true,"href":"https:\/\/server.idssoft.net\/idsdemo\/wp-json\/wp\/v2\/product_cat?post=12891"},{"taxonomy":"product_tag","embeddable":true,"href":"https:\/\/server.idssoft.net\/idsdemo\/wp-json\/wp\/v2\/product_tag?post=12891"}],"curies":[{"name":"wp","href":"https:\/\/api.w.org\/{rel}","templated":true}]}}