{"id":12908,"date":"2021-06-23T14:19:48","date_gmt":"2021-06-23T14:19:48","guid":{"rendered":"https:\/\/server.idssoft.net\/idsdemo\/producto\/mini-auriculares-bluetooth-tws-s11-negro\/"},"modified":"2021-06-23T14:19:48","modified_gmt":"2021-06-23T14:19:48","slug":"mini-auriculares-bluetooth-tws-s11-negro","status":"publish","type":"product","link":"https:\/\/server.idssoft.net\/idsdemo\/producto\/mini-auriculares-bluetooth-tws-s11-negro\/","title":{"rendered":"MINI AURICULARES BLUETOOTH TWS-S11 NEGRO"},"content":{"rendered":"<p>&#8211; Funci\u00f3n T\u00e1ctil<br \/>&#8211; HD Stereo<br \/>&#8211; Tiempo uso: 3-4 horas<br \/>&#8211; Tiempo  en espera bater\u00eda: 120 horas<br \/>&#8211; Tiempo carga: 1-2 horas<br \/>&#8211; Resistentes al agua (salpicaduras)<br \/>&#8211; Compatibilidad: Android &amp; iOS  <\/p>\n","protected":false},"excerpt":{"rendered":"<p>&#8211; Funci\u00f3n T\u00e1ctil&#8211; HD Stereo&#8211; Tiempo uso: 3-4 horas&#8211; Tiempo en espera bater\u00eda: 120 horas&#8211; Tiempo carga: 1-2 horas&#8211; Resistentes al agua (salpicaduras)&#8211; Compatibilidad: Android &amp; iOS<\/p>\n","protected":false},"featured_media":12907,"comment_status":"open","ping_status":"closed","template":"","meta":[],"product_cat":[477],"product_tag":[],"class_list":["post-12908","product","type-product","status-publish","has-post-thumbnail","hentry","product_cat-auriculares-bluetooth-tws","thunk-woo-product-list","opn-qv-enable","top-store-woo-hover-","top-store-single-product-tab-horizontal","top-store-shadow-","top-store-shadow-hover-"],"_links":{"self":[{"href":"https:\/\/server.idssoft.net\/idsdemo\/wp-json\/wp\/v2\/product\/12908","targetHints":{"allow":["GET"]}}],"collection":[{"href":"https:\/\/server.idssoft.net\/idsdemo\/wp-json\/wp\/v2\/product"}],"about":[{"href":"https:\/\/server.idssoft.net\/idsdemo\/wp-json\/wp\/v2\/types\/product"}],"replies":[{"embeddable":true,"href":"https:\/\/server.idssoft.net\/idsdemo\/wp-json\/wp\/v2\/comments?post=12908"}],"wp:featuredmedia":[{"embeddable":true,"href":"https:\/\/server.idssoft.net\/idsdemo\/wp-json\/wp\/v2\/media\/12907"}],"wp:attachment":[{"href":"https:\/\/server.idssoft.net\/idsdemo\/wp-json\/wp\/v2\/media?parent=12908"}],"wp:term":[{"taxonomy":"product_cat","embeddable":true,"href":"https:\/\/server.idssoft.net\/idsdemo\/wp-json\/wp\/v2\/product_cat?post=12908"},{"taxonomy":"product_tag","embeddable":true,"href":"https:\/\/server.idssoft.net\/idsdemo\/wp-json\/wp\/v2\/product_tag?post=12908"}],"curies":[{"name":"wp","href":"https:\/\/api.w.org\/{rel}","templated":true}]}}