{"id":12933,"date":"2021-06-23T14:20:36","date_gmt":"2021-06-23T14:20:36","guid":{"rendered":"https:\/\/server.idssoft.net\/idsdemo\/producto\/kit-maletin-portatil-15-6-raton-usb-subblim\/"},"modified":"2021-06-23T14:20:36","modified_gmt":"2021-06-23T14:20:36","slug":"kit-maletin-portatil-15-6-raton-usb-subblim","status":"publish","type":"product","link":"https:\/\/server.idssoft.net\/idsdemo\/producto\/kit-maletin-portatil-15-6-raton-usb-subblim\/","title":{"rendered":"KIT MALETIN PORTATIL 15.6 + RATON USB SUBBLIM"},"content":{"rendered":"<p>. Fabricado en resistente poli\u00e9ster<br \/>. Interior acolchado y reforzado<br \/>. Compartimento separado para el port\u00e1til<br \/>. Bolsillo frontal de gran capacidad para documentos, bol\u00edgrafos, accesorios.<br \/>. Correa de transporte para el hombro<br \/>.<\/p>\n","protected":false},"excerpt":{"rendered":"<p>. Fabricado en resistente poli\u00e9ster. Interior acolchado y reforzado. Compartimento separado para el port\u00e1til. Bolsillo frontal de gran capacidad para documentos, bol\u00edgrafos, accesorios.. Correa de transporte para el hombro.<\/p>\n","protected":false},"featured_media":12931,"comment_status":"open","ping_status":"closed","template":"","meta":[],"product_cat":[484],"product_tag":[],"class_list":["post-12933","product","type-product","status-publish","has-post-thumbnail","hentry","product_cat-accesorios-para-portatiles","thunk-woo-product-list","opn-qv-enable","top-store-woo-hover-","top-store-single-product-tab-horizontal","top-store-shadow-","top-store-shadow-hover-"],"_links":{"self":[{"href":"https:\/\/server.idssoft.net\/idsdemo\/wp-json\/wp\/v2\/product\/12933","targetHints":{"allow":["GET"]}}],"collection":[{"href":"https:\/\/server.idssoft.net\/idsdemo\/wp-json\/wp\/v2\/product"}],"about":[{"href":"https:\/\/server.idssoft.net\/idsdemo\/wp-json\/wp\/v2\/types\/product"}],"replies":[{"embeddable":true,"href":"https:\/\/server.idssoft.net\/idsdemo\/wp-json\/wp\/v2\/comments?post=12933"}],"wp:featuredmedia":[{"embeddable":true,"href":"https:\/\/server.idssoft.net\/idsdemo\/wp-json\/wp\/v2\/media\/12931"}],"wp:attachment":[{"href":"https:\/\/server.idssoft.net\/idsdemo\/wp-json\/wp\/v2\/media?parent=12933"}],"wp:term":[{"taxonomy":"product_cat","embeddable":true,"href":"https:\/\/server.idssoft.net\/idsdemo\/wp-json\/wp\/v2\/product_cat?post=12933"},{"taxonomy":"product_tag","embeddable":true,"href":"https:\/\/server.idssoft.net\/idsdemo\/wp-json\/wp\/v2\/product_tag?post=12933"}],"curies":[{"name":"wp","href":"https:\/\/api.w.org\/{rel}","templated":true}]}}