{"id":12946,"date":"2021-06-23T14:21:05","date_gmt":"2021-06-23T14:21:05","guid":{"rendered":"https:\/\/server.idssoft.net\/idsdemo\/producto\/telefono-inalambrico-alcatel-e155-duo-negro\/"},"modified":"2021-06-23T14:21:05","modified_gmt":"2021-06-23T14:21:05","slug":"telefono-inalambrico-alcatel-e155-duo-negro","status":"publish","type":"product","link":"https:\/\/server.idssoft.net\/idsdemo\/producto\/telefono-inalambrico-alcatel-e155-duo-negro\/","title":{"rendered":"TELEFONO INALAMBRICO ALCATEL E155 DUO NEGRO"},"content":{"rendered":"<p>.Pantalla alfanum\u00e9rica con 14 segmentos<br \/>.Pantalla retroiluminada <br \/>.Visualizaci\u00f3n de la hora <br \/>.Men\u00fa rotatorio intuitivo.<br \/>Men\u00fa en 11 idiomas .Agenda de 50 nombres y n\u00fameros<br \/>.Rellamadade los \u00faltimos 10 n\u00fameros <br \/>.Cuelg<\/p>\n","protected":false},"excerpt":{"rendered":"<p>.Pantalla alfanum\u00e9rica con 14 segmentos.Pantalla retroiluminada .Visualizaci\u00f3n de la hora .Men\u00fa rotatorio intuitivo.Men\u00fa en 11 idiomas .Agenda de 50 nombres y n\u00fameros.Rellamadade los \u00faltimos 10 n\u00fameros .Cuelg<\/p>\n","protected":false},"featured_media":12945,"comment_status":"open","ping_status":"closed","template":"","meta":[],"product_cat":[488],"product_tag":[],"class_list":["post-12946","product","type-product","status-publish","has-post-thumbnail","hentry","product_cat-telefonia-fija-inalmbrica","thunk-woo-product-list","opn-qv-enable","top-store-woo-hover-","top-store-single-product-tab-horizontal","top-store-shadow-","top-store-shadow-hover-"],"_links":{"self":[{"href":"https:\/\/server.idssoft.net\/idsdemo\/wp-json\/wp\/v2\/product\/12946","targetHints":{"allow":["GET"]}}],"collection":[{"href":"https:\/\/server.idssoft.net\/idsdemo\/wp-json\/wp\/v2\/product"}],"about":[{"href":"https:\/\/server.idssoft.net\/idsdemo\/wp-json\/wp\/v2\/types\/product"}],"replies":[{"embeddable":true,"href":"https:\/\/server.idssoft.net\/idsdemo\/wp-json\/wp\/v2\/comments?post=12946"}],"wp:featuredmedia":[{"embeddable":true,"href":"https:\/\/server.idssoft.net\/idsdemo\/wp-json\/wp\/v2\/media\/12945"}],"wp:attachment":[{"href":"https:\/\/server.idssoft.net\/idsdemo\/wp-json\/wp\/v2\/media?parent=12946"}],"wp:term":[{"taxonomy":"product_cat","embeddable":true,"href":"https:\/\/server.idssoft.net\/idsdemo\/wp-json\/wp\/v2\/product_cat?post=12946"},{"taxonomy":"product_tag","embeddable":true,"href":"https:\/\/server.idssoft.net\/idsdemo\/wp-json\/wp\/v2\/product_tag?post=12946"}],"curies":[{"name":"wp","href":"https:\/\/api.w.org\/{rel}","templated":true}]}}