{"id":12980,"date":"2021-06-23T14:22:03","date_gmt":"2021-06-23T14:22:03","guid":{"rendered":"https:\/\/server.idssoft.net\/idsdemo\/producto\/base-refrigeracion-portatiles-airblade-800-hasta-17-3-6velo\/"},"modified":"2021-06-23T14:22:03","modified_gmt":"2021-06-23T14:22:03","slug":"base-refrigeracion-portatiles-airblade-800-hasta-17-3-6velo","status":"publish","type":"product","link":"https:\/\/server.idssoft.net\/idsdemo\/producto\/base-refrigeracion-portatiles-airblade-800-hasta-17-3-6velo\/","title":{"rendered":"BASE REFRIGERACION PORTATILES AIRBLADE 800 HASTA 17.3 |6VELO"},"content":{"rendered":"<p>-Refrigerador para port\u00e1til con controlador LCD <br \/>-Compatible para Port\u00e1til de hasta 17 &#034;<br \/>-N\u00famero de ventiladores 1<br \/>-Di\u00e1metro (s) del ventilador 17 cm.<br \/>-Velocidad m\u00e1xima 800 RPM<br \/>-Bot\u00f3n de encendido \/ apagado <br \/>-Controla<\/p>\n","protected":false},"excerpt":{"rendered":"<p>-Refrigerador para port\u00e1til con controlador LCD -Compatible para Port\u00e1til de hasta 17 &#034;-N\u00famero de ventiladores 1-Di\u00e1metro (s) del ventilador 17 cm.-Velocidad m\u00e1xima 800 RPM-Bot\u00f3n de encendido \/ apagado -Controla<\/p>\n","protected":false},"featured_media":12978,"comment_status":"open","ping_status":"closed","template":"","meta":[],"product_cat":[484],"product_tag":[],"class_list":["post-12980","product","type-product","status-publish","has-post-thumbnail","hentry","product_cat-accesorios-para-portatiles","thunk-woo-product-list","opn-qv-enable","top-store-woo-hover-","top-store-single-product-tab-horizontal","top-store-shadow-","top-store-shadow-hover-"],"_links":{"self":[{"href":"https:\/\/server.idssoft.net\/idsdemo\/wp-json\/wp\/v2\/product\/12980","targetHints":{"allow":["GET"]}}],"collection":[{"href":"https:\/\/server.idssoft.net\/idsdemo\/wp-json\/wp\/v2\/product"}],"about":[{"href":"https:\/\/server.idssoft.net\/idsdemo\/wp-json\/wp\/v2\/types\/product"}],"replies":[{"embeddable":true,"href":"https:\/\/server.idssoft.net\/idsdemo\/wp-json\/wp\/v2\/comments?post=12980"}],"wp:featuredmedia":[{"embeddable":true,"href":"https:\/\/server.idssoft.net\/idsdemo\/wp-json\/wp\/v2\/media\/12978"}],"wp:attachment":[{"href":"https:\/\/server.idssoft.net\/idsdemo\/wp-json\/wp\/v2\/media?parent=12980"}],"wp:term":[{"taxonomy":"product_cat","embeddable":true,"href":"https:\/\/server.idssoft.net\/idsdemo\/wp-json\/wp\/v2\/product_cat?post=12980"},{"taxonomy":"product_tag","embeddable":true,"href":"https:\/\/server.idssoft.net\/idsdemo\/wp-json\/wp\/v2\/product_tag?post=12980"}],"curies":[{"name":"wp","href":"https:\/\/api.w.org\/{rel}","templated":true}]}}