{"id":12982,"date":"2021-06-23T14:22:07","date_gmt":"2021-06-23T14:22:07","guid":{"rendered":"https:\/\/server.idssoft.net\/idsdemo\/producto\/base-refrigeradora-para-portatiles-hasta-15-6-spirt-of-gamer\/"},"modified":"2021-06-23T14:22:07","modified_gmt":"2021-06-23T14:22:07","slug":"base-refrigeradora-para-portatiles-hasta-15-6-spirt-of-gamer","status":"publish","type":"product","link":"https:\/\/server.idssoft.net\/idsdemo\/producto\/base-refrigeradora-para-portatiles-hasta-15-6-spirt-of-gamer\/","title":{"rendered":"BASE REFRIGERADORA PARA PORTATILES HASTA 15.6 SPIRT OF GAMER"},"content":{"rendered":"<p>    &#8211; Ventilador 120mm x2<br \/>    &#8211; Luz de fondo: LED integrado<br \/>    &#8211; Alimentaci\u00f3n: puerto USB (5V)<br \/>    &#8211; Velocidad m\u00e1xima: 1000 RPM<br \/>    &#8211; Nivel de sonido: 25 dBA<br \/>    &#8211; Ajuste de altura: inclinaci\u00f3n de 6 \u00b0 a 28 \u00b0<br \/>    &#8211; 2 x USB<\/p>\n","protected":false},"excerpt":{"rendered":"<p>&#8211; Ventilador 120mm x2 &#8211; Luz de fondo: LED integrado &#8211; Alimentaci\u00f3n: puerto USB (5V) &#8211; Velocidad m\u00e1xima: 1000 RPM &#8211; Nivel de sonido: 25 dBA &#8211; Ajuste de altura: inclinaci\u00f3n de 6 \u00b0 a 28 \u00b0 &#8211; 2 x USB<\/p>\n","protected":false},"featured_media":12981,"comment_status":"open","ping_status":"closed","template":"","meta":[],"product_cat":[484],"product_tag":[],"class_list":["post-12982","product","type-product","status-publish","has-post-thumbnail","hentry","product_cat-accesorios-para-portatiles","thunk-woo-product-list","opn-qv-enable","top-store-woo-hover-","top-store-single-product-tab-horizontal","top-store-shadow-","top-store-shadow-hover-"],"_links":{"self":[{"href":"https:\/\/server.idssoft.net\/idsdemo\/wp-json\/wp\/v2\/product\/12982","targetHints":{"allow":["GET"]}}],"collection":[{"href":"https:\/\/server.idssoft.net\/idsdemo\/wp-json\/wp\/v2\/product"}],"about":[{"href":"https:\/\/server.idssoft.net\/idsdemo\/wp-json\/wp\/v2\/types\/product"}],"replies":[{"embeddable":true,"href":"https:\/\/server.idssoft.net\/idsdemo\/wp-json\/wp\/v2\/comments?post=12982"}],"wp:featuredmedia":[{"embeddable":true,"href":"https:\/\/server.idssoft.net\/idsdemo\/wp-json\/wp\/v2\/media\/12981"}],"wp:attachment":[{"href":"https:\/\/server.idssoft.net\/idsdemo\/wp-json\/wp\/v2\/media?parent=12982"}],"wp:term":[{"taxonomy":"product_cat","embeddable":true,"href":"https:\/\/server.idssoft.net\/idsdemo\/wp-json\/wp\/v2\/product_cat?post=12982"},{"taxonomy":"product_tag","embeddable":true,"href":"https:\/\/server.idssoft.net\/idsdemo\/wp-json\/wp\/v2\/product_tag?post=12982"}],"curies":[{"name":"wp","href":"https:\/\/api.w.org\/{rel}","templated":true}]}}