{"id":12994,"date":"2021-06-23T14:22:30","date_gmt":"2021-06-23T14:22:30","guid":{"rendered":"https:\/\/server.idssoft.net\/idsdemo\/producto\/alfombrilla-spirit-of-gamer-skull-rgb-gaming-xxl-80300-3\/"},"modified":"2021-06-23T14:22:30","modified_gmt":"2021-06-23T14:22:30","slug":"alfombrilla-spirit-of-gamer-skull-rgb-gaming-xxl-80300-3","status":"publish","type":"product","link":"https:\/\/server.idssoft.net\/idsdemo\/producto\/alfombrilla-spirit-of-gamer-skull-rgb-gaming-xxl-80300-3\/","title":{"rendered":"ALFOMBRILLA SPIRIT OF GAMER SKULL RGB GAMING XXL &#8211; 80*30*0.3"},"content":{"rendered":"<p>. Compatibilidad Rat\u00f3n \u00f3ptico \/ l\u00e1ser<br \/>. Dise\u00f1o de Skull Spirit of Gamer RGB<br \/>. Dise\u00f1o duradero con borde cosido retroiluminado +3 mm de grosor<br \/>. Textura de alfombra micro textura proporciona una experiencia de deslizamiento r\u00e1pido y l<\/p>\n","protected":false},"excerpt":{"rendered":"<p>. Compatibilidad Rat\u00f3n \u00f3ptico \/ l\u00e1ser. Dise\u00f1o de Skull Spirit of Gamer RGB. Dise\u00f1o duradero con borde cosido retroiluminado +3 mm de grosor. Textura de alfombra micro textura proporciona una experiencia de deslizamiento r\u00e1pido y l<\/p>\n","protected":false},"featured_media":12993,"comment_status":"open","ping_status":"closed","template":"","meta":[],"product_cat":[461],"product_tag":[],"class_list":["post-12994","product","type-product","status-publish","has-post-thumbnail","hentry","product_cat-teclados-y-ratones-gaming","thunk-woo-product-list","opn-qv-enable","top-store-woo-hover-","top-store-single-product-tab-horizontal","top-store-shadow-","top-store-shadow-hover-"],"_links":{"self":[{"href":"https:\/\/server.idssoft.net\/idsdemo\/wp-json\/wp\/v2\/product\/12994","targetHints":{"allow":["GET"]}}],"collection":[{"href":"https:\/\/server.idssoft.net\/idsdemo\/wp-json\/wp\/v2\/product"}],"about":[{"href":"https:\/\/server.idssoft.net\/idsdemo\/wp-json\/wp\/v2\/types\/product"}],"replies":[{"embeddable":true,"href":"https:\/\/server.idssoft.net\/idsdemo\/wp-json\/wp\/v2\/comments?post=12994"}],"wp:featuredmedia":[{"embeddable":true,"href":"https:\/\/server.idssoft.net\/idsdemo\/wp-json\/wp\/v2\/media\/12993"}],"wp:attachment":[{"href":"https:\/\/server.idssoft.net\/idsdemo\/wp-json\/wp\/v2\/media?parent=12994"}],"wp:term":[{"taxonomy":"product_cat","embeddable":true,"href":"https:\/\/server.idssoft.net\/idsdemo\/wp-json\/wp\/v2\/product_cat?post=12994"},{"taxonomy":"product_tag","embeddable":true,"href":"https:\/\/server.idssoft.net\/idsdemo\/wp-json\/wp\/v2\/product_tag?post=12994"}],"curies":[{"name":"wp","href":"https:\/\/api.w.org\/{rel}","templated":true}]}}