{"id":13001,"date":"2021-06-23T14:22:43","date_gmt":"2021-06-23T14:22:43","guid":{"rendered":"https:\/\/server.idssoft.net\/idsdemo\/producto\/batidora-reposteria-orbegozo-ba-3250-300w-6-velocidades\/"},"modified":"2021-06-23T14:22:43","modified_gmt":"2021-06-23T14:22:43","slug":"batidora-reposteria-orbegozo-ba-3250-300w-6-velocidades","status":"publish","type":"product","link":"https:\/\/server.idssoft.net\/idsdemo\/producto\/batidora-reposteria-orbegozo-ba-3250-300w-6-velocidades\/","title":{"rendered":"BATIDORA REPOSTERIA ORBEGOZO BA 3250 &#8211; 300W &#8211; 6 VELOCIDADES"},"content":{"rendered":"<p>. Potencia: 300 W.<br \/>. Permite batir, mezclar y amasar diferentes alimentos.<br \/>. Decoraci\u00f3n en acero inoxidable.<br \/>. 6 niveles de velocidad + funci\u00f3n turbo.<br \/>. Su dise\u00f1o permite que se guarde en posici\u00f3n vertical.<br \/>. Incluye varillas m<\/p>\n","protected":false},"excerpt":{"rendered":"<p>. Potencia: 300 W.. Permite batir, mezclar y amasar diferentes alimentos.. Decoraci\u00f3n en acero inoxidable.. 6 niveles de velocidad + funci\u00f3n turbo.. Su dise\u00f1o permite que se guarde en posici\u00f3n vertical.. Incluye varillas m<\/p>\n","protected":false},"featured_media":12999,"comment_status":"open","ping_status":"closed","template":"","meta":[],"product_cat":[499],"product_tag":[],"class_list":["post-13001","product","type-product","status-publish","has-post-thumbnail","hentry","product_cat-batidoras-brazo","thunk-woo-product-list","opn-qv-enable","top-store-woo-hover-","top-store-single-product-tab-horizontal","top-store-shadow-","top-store-shadow-hover-"],"_links":{"self":[{"href":"https:\/\/server.idssoft.net\/idsdemo\/wp-json\/wp\/v2\/product\/13001","targetHints":{"allow":["GET"]}}],"collection":[{"href":"https:\/\/server.idssoft.net\/idsdemo\/wp-json\/wp\/v2\/product"}],"about":[{"href":"https:\/\/server.idssoft.net\/idsdemo\/wp-json\/wp\/v2\/types\/product"}],"replies":[{"embeddable":true,"href":"https:\/\/server.idssoft.net\/idsdemo\/wp-json\/wp\/v2\/comments?post=13001"}],"wp:featuredmedia":[{"embeddable":true,"href":"https:\/\/server.idssoft.net\/idsdemo\/wp-json\/wp\/v2\/media\/12999"}],"wp:attachment":[{"href":"https:\/\/server.idssoft.net\/idsdemo\/wp-json\/wp\/v2\/media?parent=13001"}],"wp:term":[{"taxonomy":"product_cat","embeddable":true,"href":"https:\/\/server.idssoft.net\/idsdemo\/wp-json\/wp\/v2\/product_cat?post=13001"},{"taxonomy":"product_tag","embeddable":true,"href":"https:\/\/server.idssoft.net\/idsdemo\/wp-json\/wp\/v2\/product_tag?post=13001"}],"curies":[{"name":"wp","href":"https:\/\/api.w.org\/{rel}","templated":true}]}}