{"id":13219,"date":"2021-06-23T14:29:54","date_gmt":"2021-06-23T14:29:54","guid":{"rendered":"https:\/\/server.idssoft.net\/idsdemo\/producto\/lampara-led-recargable-3w-180lumens-funcion-rgb-6400k-ed\/"},"modified":"2021-06-23T14:29:54","modified_gmt":"2021-06-23T14:29:54","slug":"lampara-led-recargable-3w-180lumens-funcion-rgb-6400k-ed","status":"publish","type":"product","link":"https:\/\/server.idssoft.net\/idsdemo\/producto\/lampara-led-recargable-3w-180lumens-funcion-rgb-6400k-ed\/","title":{"rendered":"LAMPARA LED RECARGABLE 3W 180LUMENS | FUNCION RGB | 6400K ED"},"content":{"rendered":"<p>. Potencia: 3W<br \/>. Lumenes: 180<br \/>. Temperatura de Luz: 6400K<br \/>. Tipo de luz: luz fria<br \/>. Base iluminada con selecci\u00f3n de color<br \/>. Bater\u00eda incluida 1000MAH<br \/>. IP20<br \/>. Duraci\u00f3n bater\u00eda: hasta 6 horas.<br \/>. Dimensiones: 2<\/p>\n","protected":false},"excerpt":{"rendered":"<p>. Potencia: 3W. Lumenes: 180. Temperatura de Luz: 6400K. Tipo de luz: luz fria. Base iluminada con selecci\u00f3n de color. Bater\u00eda incluida 1000MAH. IP20. Duraci\u00f3n bater\u00eda: hasta 6 horas.. Dimensiones: 2<\/p>\n","protected":false},"featured_media":13218,"comment_status":"open","ping_status":"closed","template":"","meta":[],"product_cat":[457],"product_tag":[],"class_list":["post-13219","product","type-product","status-publish","has-post-thumbnail","hentry","product_cat-linternas-lamparas","thunk-woo-product-list","opn-qv-enable","top-store-woo-hover-","top-store-single-product-tab-horizontal","top-store-shadow-","top-store-shadow-hover-"],"_links":{"self":[{"href":"https:\/\/server.idssoft.net\/idsdemo\/wp-json\/wp\/v2\/product\/13219","targetHints":{"allow":["GET"]}}],"collection":[{"href":"https:\/\/server.idssoft.net\/idsdemo\/wp-json\/wp\/v2\/product"}],"about":[{"href":"https:\/\/server.idssoft.net\/idsdemo\/wp-json\/wp\/v2\/types\/product"}],"replies":[{"embeddable":true,"href":"https:\/\/server.idssoft.net\/idsdemo\/wp-json\/wp\/v2\/comments?post=13219"}],"wp:featuredmedia":[{"embeddable":true,"href":"https:\/\/server.idssoft.net\/idsdemo\/wp-json\/wp\/v2\/media\/13218"}],"wp:attachment":[{"href":"https:\/\/server.idssoft.net\/idsdemo\/wp-json\/wp\/v2\/media?parent=13219"}],"wp:term":[{"taxonomy":"product_cat","embeddable":true,"href":"https:\/\/server.idssoft.net\/idsdemo\/wp-json\/wp\/v2\/product_cat?post=13219"},{"taxonomy":"product_tag","embeddable":true,"href":"https:\/\/server.idssoft.net\/idsdemo\/wp-json\/wp\/v2\/product_tag?post=13219"}],"curies":[{"name":"wp","href":"https:\/\/api.w.org\/{rel}","templated":true}]}}