{"id":13268,"date":"2021-06-23T14:31:26","date_gmt":"2021-06-23T14:31:26","guid":{"rendered":"https:\/\/server.idssoft.net\/idsdemo\/producto\/kit-youtuber-l01-pinza-soporte-smartphone-luz-3-5-xo\/"},"modified":"2021-06-23T14:31:26","modified_gmt":"2021-06-23T14:31:26","slug":"kit-youtuber-l01-pinza-soporte-smartphone-luz-3-5-xo","status":"publish","type":"product","link":"https:\/\/server.idssoft.net\/idsdemo\/producto\/kit-youtuber-l01-pinza-soporte-smartphone-luz-3-5-xo\/","title":{"rendered":"KIT YOUTUBER L01 PINZA + SOPORTE SMARTPHONE + LUZ 3.5 XO"},"content":{"rendered":"<p>&#8211; Pinza para fijaci\u00f3n <br \/>&#8211; Soporte para smartphone apertura hasta 10cm<br \/>&#8211; L\u00e1mpara led de 3&#034; 12W con mando para regulaci\u00f3n de luz<br \/>&#8211; 4 niveles de iluminaci\u00f3n por cada selecci\u00f3n de temperatura de color 3000K &#8211; 5000K<br \/>&#8211; Alimentaci<\/p>\n","protected":false},"excerpt":{"rendered":"<p>&#8211; Pinza para fijaci\u00f3n &#8211; Soporte para smartphone apertura hasta 10cm&#8211; L\u00e1mpara led de 3&#034; 12W con mando para regulaci\u00f3n de luz&#8211; 4 niveles de iluminaci\u00f3n por cada selecci\u00f3n de temperatura de color 3000K &#8211; 5000K&#8211; Alimentaci<\/p>\n","protected":false},"featured_media":13266,"comment_status":"open","ping_status":"closed","template":"","meta":[],"product_cat":[646],"product_tag":[],"class_list":["post-13268","product","type-product","status-publish","has-post-thumbnail","hentry","product_cat-zona-youtubers","thunk-woo-product-list","opn-qv-enable","top-store-woo-hover-","top-store-single-product-tab-horizontal","top-store-shadow-","top-store-shadow-hover-"],"_links":{"self":[{"href":"https:\/\/server.idssoft.net\/idsdemo\/wp-json\/wp\/v2\/product\/13268","targetHints":{"allow":["GET"]}}],"collection":[{"href":"https:\/\/server.idssoft.net\/idsdemo\/wp-json\/wp\/v2\/product"}],"about":[{"href":"https:\/\/server.idssoft.net\/idsdemo\/wp-json\/wp\/v2\/types\/product"}],"replies":[{"embeddable":true,"href":"https:\/\/server.idssoft.net\/idsdemo\/wp-json\/wp\/v2\/comments?post=13268"}],"wp:featuredmedia":[{"embeddable":true,"href":"https:\/\/server.idssoft.net\/idsdemo\/wp-json\/wp\/v2\/media\/13266"}],"wp:attachment":[{"href":"https:\/\/server.idssoft.net\/idsdemo\/wp-json\/wp\/v2\/media?parent=13268"}],"wp:term":[{"taxonomy":"product_cat","embeddable":true,"href":"https:\/\/server.idssoft.net\/idsdemo\/wp-json\/wp\/v2\/product_cat?post=13268"},{"taxonomy":"product_tag","embeddable":true,"href":"https:\/\/server.idssoft.net\/idsdemo\/wp-json\/wp\/v2\/product_tag?post=13268"}],"curies":[{"name":"wp","href":"https:\/\/api.w.org\/{rel}","templated":true}]}}