{"id":13271,"date":"2021-06-23T14:31:30","date_gmt":"2021-06-23T14:31:30","guid":{"rendered":"https:\/\/server.idssoft.net\/idsdemo\/producto\/kit-youtuber-l02-base-soporte-smartphone-soporte-micro\/"},"modified":"2021-06-23T14:31:30","modified_gmt":"2021-06-23T14:31:30","slug":"kit-youtuber-l02-base-soporte-smartphone-soporte-micro","status":"publish","type":"product","link":"https:\/\/server.idssoft.net\/idsdemo\/producto\/kit-youtuber-l02-base-soporte-smartphone-soporte-micro\/","title":{"rendered":"KIT YOUTUBER L02 BASE + SOPORTE SMARTPHONE + SOPORTE MICRO +"},"content":{"rendered":"<p>&#8211; Incorpora base para colocar en superfice plana<br \/>&#8211; Soporte para micr\u00f3fono<br \/>&#8211; Soporte para smartphone apertura hasta 10cm<br \/>&#8211; L\u00e1mpara led de 3&#034; 12W con mando para regulaci\u00f3n de luz<br \/>&#8211; 24 Leds<br \/>&#8211; 4 niveles de iluminaci\u00f3n por<\/p>\n","protected":false},"excerpt":{"rendered":"<p>&#8211; Incorpora base para colocar en superfice plana&#8211; Soporte para micr\u00f3fono&#8211; Soporte para smartphone apertura hasta 10cm&#8211; L\u00e1mpara led de 3&#034; 12W con mando para regulaci\u00f3n de luz&#8211; 24 Leds&#8211; 4 niveles de iluminaci\u00f3n por<\/p>\n","protected":false},"featured_media":13269,"comment_status":"open","ping_status":"closed","template":"","meta":[],"product_cat":[646],"product_tag":[],"class_list":["post-13271","product","type-product","status-publish","has-post-thumbnail","hentry","product_cat-zona-youtubers","thunk-woo-product-list","opn-qv-enable","top-store-woo-hover-","top-store-single-product-tab-horizontal","top-store-shadow-","top-store-shadow-hover-"],"_links":{"self":[{"href":"https:\/\/server.idssoft.net\/idsdemo\/wp-json\/wp\/v2\/product\/13271","targetHints":{"allow":["GET"]}}],"collection":[{"href":"https:\/\/server.idssoft.net\/idsdemo\/wp-json\/wp\/v2\/product"}],"about":[{"href":"https:\/\/server.idssoft.net\/idsdemo\/wp-json\/wp\/v2\/types\/product"}],"replies":[{"embeddable":true,"href":"https:\/\/server.idssoft.net\/idsdemo\/wp-json\/wp\/v2\/comments?post=13271"}],"wp:featuredmedia":[{"embeddable":true,"href":"https:\/\/server.idssoft.net\/idsdemo\/wp-json\/wp\/v2\/media\/13269"}],"wp:attachment":[{"href":"https:\/\/server.idssoft.net\/idsdemo\/wp-json\/wp\/v2\/media?parent=13271"}],"wp:term":[{"taxonomy":"product_cat","embeddable":true,"href":"https:\/\/server.idssoft.net\/idsdemo\/wp-json\/wp\/v2\/product_cat?post=13271"},{"taxonomy":"product_tag","embeddable":true,"href":"https:\/\/server.idssoft.net\/idsdemo\/wp-json\/wp\/v2\/product_tag?post=13271"}],"curies":[{"name":"wp","href":"https:\/\/api.w.org\/{rel}","templated":true}]}}