{"id":13274,"date":"2021-06-23T14:31:35","date_gmt":"2021-06-23T14:31:35","guid":{"rendered":"https:\/\/server.idssoft.net\/idsdemo\/producto\/kit-youtuber-l03-base-soporte-smartphone-luz-10-xo\/"},"modified":"2021-06-23T14:31:35","modified_gmt":"2021-06-23T14:31:35","slug":"kit-youtuber-l03-base-soporte-smartphone-luz-10-xo","status":"publish","type":"product","link":"https:\/\/server.idssoft.net\/idsdemo\/producto\/kit-youtuber-l03-base-soporte-smartphone-luz-10-xo\/","title":{"rendered":"KIT YOUTUBER L03 BASE + SOPORTE SMARTPHONE + LUZ 10 XO"},"content":{"rendered":"<p>&#8211; Pinza para fijaci\u00f3n <br \/>&#8211; Soporte para smartphone apertura hasta 10cm<br \/>&#8211; L\u00e1mpara led de 3&#034; con mando para regulaci\u00f3n de luz<br \/>&#8211; 4 niveles de iluminaci\u00f3n por cada selecci\u00f3n de temperatura de color 3000K &#8211; 5000K<br \/>&#8211; Alimentaci\u00f3n<\/p>\n","protected":false},"excerpt":{"rendered":"<p>&#8211; Pinza para fijaci\u00f3n &#8211; Soporte para smartphone apertura hasta 10cm&#8211; L\u00e1mpara led de 3&#034; con mando para regulaci\u00f3n de luz&#8211; 4 niveles de iluminaci\u00f3n por cada selecci\u00f3n de temperatura de color 3000K &#8211; 5000K&#8211; Alimentaci\u00f3n<\/p>\n","protected":false},"featured_media":13272,"comment_status":"open","ping_status":"closed","template":"","meta":[],"product_cat":[646],"product_tag":[],"class_list":["post-13274","product","type-product","status-publish","has-post-thumbnail","hentry","product_cat-zona-youtubers","thunk-woo-product-list","opn-qv-enable","top-store-woo-hover-","top-store-single-product-tab-horizontal","top-store-shadow-","top-store-shadow-hover-"],"_links":{"self":[{"href":"https:\/\/server.idssoft.net\/idsdemo\/wp-json\/wp\/v2\/product\/13274","targetHints":{"allow":["GET"]}}],"collection":[{"href":"https:\/\/server.idssoft.net\/idsdemo\/wp-json\/wp\/v2\/product"}],"about":[{"href":"https:\/\/server.idssoft.net\/idsdemo\/wp-json\/wp\/v2\/types\/product"}],"replies":[{"embeddable":true,"href":"https:\/\/server.idssoft.net\/idsdemo\/wp-json\/wp\/v2\/comments?post=13274"}],"wp:featuredmedia":[{"embeddable":true,"href":"https:\/\/server.idssoft.net\/idsdemo\/wp-json\/wp\/v2\/media\/13272"}],"wp:attachment":[{"href":"https:\/\/server.idssoft.net\/idsdemo\/wp-json\/wp\/v2\/media?parent=13274"}],"wp:term":[{"taxonomy":"product_cat","embeddable":true,"href":"https:\/\/server.idssoft.net\/idsdemo\/wp-json\/wp\/v2\/product_cat?post=13274"},{"taxonomy":"product_tag","embeddable":true,"href":"https:\/\/server.idssoft.net\/idsdemo\/wp-json\/wp\/v2\/product_tag?post=13274"}],"curies":[{"name":"wp","href":"https:\/\/api.w.org\/{rel}","templated":true}]}}