{"id":13280,"date":"2021-06-23T14:31:45","date_gmt":"2021-06-23T14:31:45","guid":{"rendered":"https:\/\/server.idssoft.net\/idsdemo\/producto\/soporte-coche-magnetico-rejilla-aire-c30b-xo\/"},"modified":"2021-06-23T14:31:45","modified_gmt":"2021-06-23T14:31:45","slug":"soporte-coche-magnetico-rejilla-aire-c30b-xo","status":"publish","type":"product","link":"https:\/\/server.idssoft.net\/idsdemo\/producto\/soporte-coche-magnetico-rejilla-aire-c30b-xo\/","title":{"rendered":"SOPORTE COCHE MAGN\u00c9TICO REJILLA AIRE C30B XO"},"content":{"rendered":"<p>&#8211; Compatible con Smartphones de 4&#034; hasta 7&#034;<br \/>&#8211; Fijaci\u00f3n fuerte y segura<br \/>&#8211; Se fija a la rejilla del aire del veh\u00edculo<br \/>&#8211; Permite rotaci\u00f3n hasta 360\u00ba y ajuste angular. <br \/>&#8211; Dimensiones:33X47X33mm<br \/>&#8211; Peso: 41gr  <\/p>\n","protected":false},"excerpt":{"rendered":"<p>&#8211; Compatible con Smartphones de 4&#034; hasta 7&#034;&#8211; Fijaci\u00f3n fuerte y segura&#8211; Se fija a la rejilla del aire del veh\u00edculo&#8211; Permite rotaci\u00f3n hasta 360\u00ba y ajuste angular. &#8211; Dimensiones:33X47X33mm&#8211; Peso: 41gr<\/p>\n","protected":false},"featured_media":13278,"comment_status":"open","ping_status":"closed","template":"","meta":[],"product_cat":[642],"product_tag":[],"class_list":["post-13280","product","type-product","status-publish","has-post-thumbnail","hentry","product_cat-accesorios-smartphone-coche","thunk-woo-product-list","opn-qv-enable","top-store-woo-hover-","top-store-single-product-tab-horizontal","top-store-shadow-","top-store-shadow-hover-"],"_links":{"self":[{"href":"https:\/\/server.idssoft.net\/idsdemo\/wp-json\/wp\/v2\/product\/13280","targetHints":{"allow":["GET"]}}],"collection":[{"href":"https:\/\/server.idssoft.net\/idsdemo\/wp-json\/wp\/v2\/product"}],"about":[{"href":"https:\/\/server.idssoft.net\/idsdemo\/wp-json\/wp\/v2\/types\/product"}],"replies":[{"embeddable":true,"href":"https:\/\/server.idssoft.net\/idsdemo\/wp-json\/wp\/v2\/comments?post=13280"}],"wp:featuredmedia":[{"embeddable":true,"href":"https:\/\/server.idssoft.net\/idsdemo\/wp-json\/wp\/v2\/media\/13278"}],"wp:attachment":[{"href":"https:\/\/server.idssoft.net\/idsdemo\/wp-json\/wp\/v2\/media?parent=13280"}],"wp:term":[{"taxonomy":"product_cat","embeddable":true,"href":"https:\/\/server.idssoft.net\/idsdemo\/wp-json\/wp\/v2\/product_cat?post=13280"},{"taxonomy":"product_tag","embeddable":true,"href":"https:\/\/server.idssoft.net\/idsdemo\/wp-json\/wp\/v2\/product_tag?post=13280"}],"curies":[{"name":"wp","href":"https:\/\/api.w.org\/{rel}","templated":true}]}}