{"id":13293,"date":"2021-06-23T14:32:05","date_gmt":"2021-06-23T14:32:05","guid":{"rendered":"https:\/\/server.idssoft.net\/idsdemo\/producto\/cargador-mechero-cc16-4-en-1-micro-usb-tipo-c-lightning\/"},"modified":"2021-06-23T14:32:05","modified_gmt":"2021-06-23T14:32:05","slug":"cargador-mechero-cc16-4-en-1-micro-usb-tipo-c-lightning","status":"publish","type":"product","link":"https:\/\/server.idssoft.net\/idsdemo\/producto\/cargador-mechero-cc16-4-en-1-micro-usb-tipo-c-lightning\/","title":{"rendered":"CARGADOR MECHERO CC16 4 EN 1 (MICRO USB + TIPO C + LIGHTNING"},"content":{"rendered":"<p>&#8211; 4 en 1. Carga hasta 4 dispositivos al mismo tiempo.<br \/>&#8211; Incorpora 4 salidas. <br \/>   &#8211; USB<br \/>   &#8211; Conexi\u00f3n tipo C<br \/>   &#8211; Conexi\u00f3n tipo microUSB<br \/>   &#8211; Conexi\u00f3n Lightning<br \/>&#8211; Entrada: 12 &#8211; 24 V<br \/>&#8211; Puertos inteligentes con protecci\u00f3n&lt;<\/p>\n","protected":false},"excerpt":{"rendered":"<p>&#8211; 4 en 1. Carga hasta 4 dispositivos al mismo tiempo.&#8211; Incorpora 4 salidas. &#8211; USB &#8211; Conexi\u00f3n tipo C &#8211; Conexi\u00f3n tipo microUSB &#8211; Conexi\u00f3n Lightning&#8211; Entrada: 12 &#8211; 24 V&#8211; Puertos inteligentes con protecci\u00f3n&lt;<\/p>\n","protected":false},"featured_media":13291,"comment_status":"open","ping_status":"closed","template":"","meta":[],"product_cat":[643],"product_tag":[],"class_list":["post-13293","product","type-product","status-publish","has-post-thumbnail","hentry","product_cat-cargadores-tfno-coche","thunk-woo-product-list","opn-qv-enable","top-store-woo-hover-","top-store-single-product-tab-horizontal","top-store-shadow-","top-store-shadow-hover-"],"_links":{"self":[{"href":"https:\/\/server.idssoft.net\/idsdemo\/wp-json\/wp\/v2\/product\/13293","targetHints":{"allow":["GET"]}}],"collection":[{"href":"https:\/\/server.idssoft.net\/idsdemo\/wp-json\/wp\/v2\/product"}],"about":[{"href":"https:\/\/server.idssoft.net\/idsdemo\/wp-json\/wp\/v2\/types\/product"}],"replies":[{"embeddable":true,"href":"https:\/\/server.idssoft.net\/idsdemo\/wp-json\/wp\/v2\/comments?post=13293"}],"wp:featuredmedia":[{"embeddable":true,"href":"https:\/\/server.idssoft.net\/idsdemo\/wp-json\/wp\/v2\/media\/13291"}],"wp:attachment":[{"href":"https:\/\/server.idssoft.net\/idsdemo\/wp-json\/wp\/v2\/media?parent=13293"}],"wp:term":[{"taxonomy":"product_cat","embeddable":true,"href":"https:\/\/server.idssoft.net\/idsdemo\/wp-json\/wp\/v2\/product_cat?post=13293"},{"taxonomy":"product_tag","embeddable":true,"href":"https:\/\/server.idssoft.net\/idsdemo\/wp-json\/wp\/v2\/product_tag?post=13293"}],"curies":[{"name":"wp","href":"https:\/\/api.w.org\/{rel}","templated":true}]}}