{"id":13296,"date":"2021-06-23T14:32:10","date_gmt":"2021-06-23T14:32:10","guid":{"rendered":"https:\/\/server.idssoft.net\/idsdemo\/producto\/cargador-mechero-cc23-4-en-1-inteligente-48w-xo\/"},"modified":"2021-06-23T14:32:10","modified_gmt":"2021-06-23T14:32:10","slug":"cargador-mechero-cc23-4-en-1-inteligente-48w-xo","status":"publish","type":"product","link":"https:\/\/server.idssoft.net\/idsdemo\/producto\/cargador-mechero-cc23-4-en-1-inteligente-48w-xo\/","title":{"rendered":"CARGADOR MECHERO CC23 4 EN 1 INTELIGENTE 48W XO"},"content":{"rendered":"<p>&#8211; 4 en 1. Incorpora hasta 4 puertos de carga<br \/>&#8211; Interface carga r\u00e1pida 3.0<br \/>&#8211; Puertos inteligentes con desconexi\u00f3n autom\u00e1tica<br \/>&#8211; 48W max<br \/>&#8211; Entrada: 12V-24V<br \/>&#8211; Salidas:<br \/>     &#8211; USB 1: 5V 2.4A<br \/>     &#8211; USB 2\/3: 5V 2.4A MAX<\/p>\n","protected":false},"excerpt":{"rendered":"<p>&#8211; 4 en 1. Incorpora hasta 4 puertos de carga&#8211; Interface carga r\u00e1pida 3.0&#8211; Puertos inteligentes con desconexi\u00f3n autom\u00e1tica&#8211; 48W max&#8211; Entrada: 12V-24V&#8211; Salidas: &#8211; USB 1: 5V 2.4A &#8211; USB 2\/3: 5V 2.4A MAX<\/p>\n","protected":false},"featured_media":13294,"comment_status":"open","ping_status":"closed","template":"","meta":[],"product_cat":[643],"product_tag":[],"class_list":["post-13296","product","type-product","status-publish","has-post-thumbnail","hentry","product_cat-cargadores-tfno-coche","thunk-woo-product-list","opn-qv-enable","top-store-woo-hover-","top-store-single-product-tab-horizontal","top-store-shadow-","top-store-shadow-hover-"],"_links":{"self":[{"href":"https:\/\/server.idssoft.net\/idsdemo\/wp-json\/wp\/v2\/product\/13296","targetHints":{"allow":["GET"]}}],"collection":[{"href":"https:\/\/server.idssoft.net\/idsdemo\/wp-json\/wp\/v2\/product"}],"about":[{"href":"https:\/\/server.idssoft.net\/idsdemo\/wp-json\/wp\/v2\/types\/product"}],"replies":[{"embeddable":true,"href":"https:\/\/server.idssoft.net\/idsdemo\/wp-json\/wp\/v2\/comments?post=13296"}],"wp:featuredmedia":[{"embeddable":true,"href":"https:\/\/server.idssoft.net\/idsdemo\/wp-json\/wp\/v2\/media\/13294"}],"wp:attachment":[{"href":"https:\/\/server.idssoft.net\/idsdemo\/wp-json\/wp\/v2\/media?parent=13296"}],"wp:term":[{"taxonomy":"product_cat","embeddable":true,"href":"https:\/\/server.idssoft.net\/idsdemo\/wp-json\/wp\/v2\/product_cat?post=13296"},{"taxonomy":"product_tag","embeddable":true,"href":"https:\/\/server.idssoft.net\/idsdemo\/wp-json\/wp\/v2\/product_tag?post=13296"}],"curies":[{"name":"wp","href":"https:\/\/api.w.org\/{rel}","templated":true}]}}