{"id":13299,"date":"2021-06-23T14:32:14","date_gmt":"2021-06-23T14:32:14","guid":{"rendered":"https:\/\/server.idssoft.net\/idsdemo\/producto\/powerbank-pr111-20000mah-2x-usb-tipo-c-qc-3-0-negra-xo\/"},"modified":"2021-06-23T14:32:14","modified_gmt":"2021-06-23T14:32:14","slug":"powerbank-pr111-20000mah-2x-usb-tipo-c-qc-3-0-negra-xo","status":"publish","type":"product","link":"https:\/\/server.idssoft.net\/idsdemo\/producto\/powerbank-pr111-20000mah-2x-usb-tipo-c-qc-3-0-negra-xo\/","title":{"rendered":"POWERBANK PR111 20000MAH | 2X USB + TIPO C QC 3.0 | NEGRA XO"},"content":{"rendered":"<p>&#8211; F\u00e1cil de transportar<br \/>&#8211; Carga r\u00e1pida<br \/>&#8211; Resistente<br \/>&#8211; Estabilidad y protecci\u00f3n<br \/>&#8211; Compatible con infinidad de dispositivos<br \/>&#8211; Capacidad de 20000 mAh<br \/>&#8211; Puerto tipo C de entrada y salida<br \/>&#8211; Salidas: <br \/>    &#8211; USB 5V-3<\/p>\n","protected":false},"excerpt":{"rendered":"<p>&#8211; F\u00e1cil de transportar&#8211; Carga r\u00e1pida&#8211; Resistente&#8211; Estabilidad y protecci\u00f3n&#8211; Compatible con infinidad de dispositivos&#8211; Capacidad de 20000 mAh&#8211; Puerto tipo C de entrada y salida&#8211; Salidas: &#8211; USB 5V-3<\/p>\n","protected":false},"featured_media":13297,"comment_status":"open","ping_status":"closed","template":"","meta":[],"product_cat":[493],"product_tag":[],"class_list":["post-13299","product","type-product","status-publish","has-post-thumbnail","hentry","product_cat-powerbank","thunk-woo-product-list","opn-qv-enable","top-store-woo-hover-","top-store-single-product-tab-horizontal","top-store-shadow-","top-store-shadow-hover-"],"_links":{"self":[{"href":"https:\/\/server.idssoft.net\/idsdemo\/wp-json\/wp\/v2\/product\/13299","targetHints":{"allow":["GET"]}}],"collection":[{"href":"https:\/\/server.idssoft.net\/idsdemo\/wp-json\/wp\/v2\/product"}],"about":[{"href":"https:\/\/server.idssoft.net\/idsdemo\/wp-json\/wp\/v2\/types\/product"}],"replies":[{"embeddable":true,"href":"https:\/\/server.idssoft.net\/idsdemo\/wp-json\/wp\/v2\/comments?post=13299"}],"wp:featuredmedia":[{"embeddable":true,"href":"https:\/\/server.idssoft.net\/idsdemo\/wp-json\/wp\/v2\/media\/13297"}],"wp:attachment":[{"href":"https:\/\/server.idssoft.net\/idsdemo\/wp-json\/wp\/v2\/media?parent=13299"}],"wp:term":[{"taxonomy":"product_cat","embeddable":true,"href":"https:\/\/server.idssoft.net\/idsdemo\/wp-json\/wp\/v2\/product_cat?post=13299"},{"taxonomy":"product_tag","embeddable":true,"href":"https:\/\/server.idssoft.net\/idsdemo\/wp-json\/wp\/v2\/product_tag?post=13299"}],"curies":[{"name":"wp","href":"https:\/\/api.w.org\/{rel}","templated":true}]}}