{"id":13361,"date":"2021-06-23T14:33:55","date_gmt":"2021-06-23T14:33:55","guid":{"rendered":"https:\/\/server.idssoft.net\/idsdemo\/producto\/auriculares-tws-f60-plus-xo\/"},"modified":"2021-06-23T14:33:55","modified_gmt":"2021-06-23T14:33:55","slug":"auriculares-tws-f60-plus-xo","status":"publish","type":"product","link":"https:\/\/server.idssoft.net\/idsdemo\/producto\/auriculares-tws-f60-plus-xo\/","title":{"rendered":"AURICULARES TWS F60 PLUS XO"},"content":{"rendered":"<p>&#8211; Bluetooth 5.0<br \/>&#8211; Hasta 3 horas de m\u00fasica<br \/>&#8211; Bater\u00eda auricular: 30mah<br \/>&#8211; Bater\u00eda caja de carga: 300mah<br \/>&#8211; Ambos auriculares pueden ser usados por separado<br \/>&#8211; Configuraci\u00f3n sencilla pop-up<\/p>\n","protected":false},"excerpt":{"rendered":"<p>&#8211; Bluetooth 5.0&#8211; Hasta 3 horas de m\u00fasica&#8211; Bater\u00eda auricular: 30mah&#8211; Bater\u00eda caja de carga: 300mah&#8211; Ambos auriculares pueden ser usados por separado&#8211; Configuraci\u00f3n sencilla pop-up<\/p>\n","protected":false},"featured_media":13358,"comment_status":"open","ping_status":"closed","template":"","meta":[],"product_cat":[477],"product_tag":[],"class_list":["post-13361","product","type-product","status-publish","has-post-thumbnail","hentry","product_cat-auriculares-bluetooth-tws","thunk-woo-product-list","opn-qv-enable","top-store-woo-hover-","top-store-single-product-tab-horizontal","top-store-shadow-","top-store-shadow-hover-"],"_links":{"self":[{"href":"https:\/\/server.idssoft.net\/idsdemo\/wp-json\/wp\/v2\/product\/13361","targetHints":{"allow":["GET"]}}],"collection":[{"href":"https:\/\/server.idssoft.net\/idsdemo\/wp-json\/wp\/v2\/product"}],"about":[{"href":"https:\/\/server.idssoft.net\/idsdemo\/wp-json\/wp\/v2\/types\/product"}],"replies":[{"embeddable":true,"href":"https:\/\/server.idssoft.net\/idsdemo\/wp-json\/wp\/v2\/comments?post=13361"}],"wp:featuredmedia":[{"embeddable":true,"href":"https:\/\/server.idssoft.net\/idsdemo\/wp-json\/wp\/v2\/media\/13358"}],"wp:attachment":[{"href":"https:\/\/server.idssoft.net\/idsdemo\/wp-json\/wp\/v2\/media?parent=13361"}],"wp:term":[{"taxonomy":"product_cat","embeddable":true,"href":"https:\/\/server.idssoft.net\/idsdemo\/wp-json\/wp\/v2\/product_cat?post=13361"},{"taxonomy":"product_tag","embeddable":true,"href":"https:\/\/server.idssoft.net\/idsdemo\/wp-json\/wp\/v2\/product_tag?post=13361"}],"curies":[{"name":"wp","href":"https:\/\/api.w.org\/{rel}","templated":true}]}}