{"id":13403,"date":"2021-06-23T14:35:04","date_gmt":"2021-06-23T14:35:04","guid":{"rendered":"https:\/\/server.idssoft.net\/idsdemo\/producto\/earbuds-tws-v12-running-bluetooth-negros-coolsound\/"},"modified":"2021-06-23T14:35:04","modified_gmt":"2021-06-23T14:35:04","slug":"earbuds-tws-v12-running-bluetooth-negros-coolsound","status":"publish","type":"product","link":"https:\/\/server.idssoft.net\/idsdemo\/producto\/earbuds-tws-v12-running-bluetooth-negros-coolsound\/","title":{"rendered":"EARBUDS TWS V12 RUNNING BLUETOOTH NEGROS COOLSOUND"},"content":{"rendered":"<p>Los Earbuds V12 de COOLSOUND ya est\u00e1n aqu\u00ed. Olv\u00eddate del cable. Incorporan caja cargador. Compatibles con IOS, ANDROID y cualquier dispositivo con bluetooth. Con la funci\u00f3n de manos libres puede responder \/ rechazar una llamada entrante simplement<\/p>\n","protected":false},"excerpt":{"rendered":"<p>Los Earbuds V12 de COOLSOUND ya est\u00e1n aqu\u00ed. Olv\u00eddate del cable. Incorporan caja cargador. Compatibles con IOS, ANDROID y cualquier dispositivo con bluetooth. Con la funci\u00f3n de manos libres puede responder \/ rechazar una llamada entrante simplement<\/p>\n","protected":false},"featured_media":13401,"comment_status":"open","ping_status":"closed","template":"","meta":[],"product_cat":[477],"product_tag":[],"class_list":["post-13403","product","type-product","status-publish","has-post-thumbnail","hentry","product_cat-auriculares-bluetooth-tws","thunk-woo-product-list","opn-qv-enable","top-store-woo-hover-","top-store-single-product-tab-horizontal","top-store-shadow-","top-store-shadow-hover-"],"_links":{"self":[{"href":"https:\/\/server.idssoft.net\/idsdemo\/wp-json\/wp\/v2\/product\/13403","targetHints":{"allow":["GET"]}}],"collection":[{"href":"https:\/\/server.idssoft.net\/idsdemo\/wp-json\/wp\/v2\/product"}],"about":[{"href":"https:\/\/server.idssoft.net\/idsdemo\/wp-json\/wp\/v2\/types\/product"}],"replies":[{"embeddable":true,"href":"https:\/\/server.idssoft.net\/idsdemo\/wp-json\/wp\/v2\/comments?post=13403"}],"wp:featuredmedia":[{"embeddable":true,"href":"https:\/\/server.idssoft.net\/idsdemo\/wp-json\/wp\/v2\/media\/13401"}],"wp:attachment":[{"href":"https:\/\/server.idssoft.net\/idsdemo\/wp-json\/wp\/v2\/media?parent=13403"}],"wp:term":[{"taxonomy":"product_cat","embeddable":true,"href":"https:\/\/server.idssoft.net\/idsdemo\/wp-json\/wp\/v2\/product_cat?post=13403"},{"taxonomy":"product_tag","embeddable":true,"href":"https:\/\/server.idssoft.net\/idsdemo\/wp-json\/wp\/v2\/product_tag?post=13403"}],"curies":[{"name":"wp","href":"https:\/\/api.w.org\/{rel}","templated":true}]}}