{"id":13413,"date":"2021-06-23T14:35:22","date_gmt":"2021-06-23T14:35:22","guid":{"rendered":"https:\/\/server.idssoft.net\/idsdemo\/producto\/auricular-serie-pro-w100-bluetooth-con-cancelacion-de-ruido\/"},"modified":"2021-06-23T14:35:22","modified_gmt":"2021-06-23T14:35:22","slug":"auricular-serie-pro-w100-bluetooth-con-cancelacion-de-ruido","status":"publish","type":"product","link":"https:\/\/server.idssoft.net\/idsdemo\/producto\/auricular-serie-pro-w100-bluetooth-con-cancelacion-de-ruido\/","title":{"rendered":"AURICULAR SERIE PRO W100 BLUETOOTH CON CANCELACION DE RUIDO"},"content":{"rendered":"<p>Caracter\u00edsticas:<br \/>Cancelaci\u00f3n de ruido<br \/>Potencia de salida: 20mW x 2<br \/>Driver Altavoz: 16Omnios, 24mW, di\u00e1metro 40mm<br \/>Bater\u00eda: 600mAh<br \/>Bluetooth 5.0<br \/>Distancia de trabajo: hasta 10 metros.<br \/>Tiempo de carga: menos de 3 horas&lt;br\/<\/p>\n","protected":false},"excerpt":{"rendered":"<p>Caracter\u00edsticas:Cancelaci\u00f3n de ruidoPotencia de salida: 20mW x 2Driver Altavoz: 16Omnios, 24mW, di\u00e1metro 40mmBater\u00eda: 600mAhBluetooth 5.0Distancia de trabajo: hasta 10 metros.Tiempo de carga: menos de 3 horas&lt;br\/<\/p>\n","protected":false},"featured_media":13411,"comment_status":"open","ping_status":"closed","template":"","meta":[],"product_cat":[476],"product_tag":[],"class_list":["post-13413","product","type-product","status-publish","has-post-thumbnail","hentry","product_cat-auriculares-bluetooth","thunk-woo-product-list","opn-qv-enable","top-store-woo-hover-","top-store-single-product-tab-horizontal","top-store-shadow-","top-store-shadow-hover-"],"_links":{"self":[{"href":"https:\/\/server.idssoft.net\/idsdemo\/wp-json\/wp\/v2\/product\/13413","targetHints":{"allow":["GET"]}}],"collection":[{"href":"https:\/\/server.idssoft.net\/idsdemo\/wp-json\/wp\/v2\/product"}],"about":[{"href":"https:\/\/server.idssoft.net\/idsdemo\/wp-json\/wp\/v2\/types\/product"}],"replies":[{"embeddable":true,"href":"https:\/\/server.idssoft.net\/idsdemo\/wp-json\/wp\/v2\/comments?post=13413"}],"wp:featuredmedia":[{"embeddable":true,"href":"https:\/\/server.idssoft.net\/idsdemo\/wp-json\/wp\/v2\/media\/13411"}],"wp:attachment":[{"href":"https:\/\/server.idssoft.net\/idsdemo\/wp-json\/wp\/v2\/media?parent=13413"}],"wp:term":[{"taxonomy":"product_cat","embeddable":true,"href":"https:\/\/server.idssoft.net\/idsdemo\/wp-json\/wp\/v2\/product_cat?post=13413"},{"taxonomy":"product_tag","embeddable":true,"href":"https:\/\/server.idssoft.net\/idsdemo\/wp-json\/wp\/v2\/product_tag?post=13413"}],"curies":[{"name":"wp","href":"https:\/\/api.w.org\/{rel}","templated":true}]}}