{"id":13422,"date":"2021-06-23T14:35:36","date_gmt":"2021-06-23T14:35:36","guid":{"rendered":"https:\/\/server.idssoft.net\/idsdemo\/producto\/mini-auriculares-inalambricos-a6s-blancos\/"},"modified":"2021-06-23T14:35:36","modified_gmt":"2021-06-23T14:35:36","slug":"mini-auriculares-inalambricos-a6s-blancos","status":"publish","type":"product","link":"https:\/\/server.idssoft.net\/idsdemo\/producto\/mini-auriculares-inalambricos-a6s-blancos\/","title":{"rendered":"MINI AURICULARES INALAMBRICOS A6S BLANCOS"},"content":{"rendered":"<p>\u00a1Lleva la m\u00fasica all\u00e1 donde vayas! Hazte con estos fant\u00e1sticos auriculares inal\u00e1mbricos mini con Bluetooth y caja cargador incorporada. Compatible con APPLE y ANDROID o cualquier otro dispositivo que incorpore Bluetooth.<\/p>\n<p>Responde y recha<\/p>\n","protected":false},"excerpt":{"rendered":"<p>\u00a1Lleva la m\u00fasica all\u00e1 donde vayas! Hazte con estos fant\u00e1sticos auriculares inal\u00e1mbricos mini con Bluetooth y caja cargador incorporada. Compatible con APPLE y ANDROID o cualquier otro dispositivo que incorpore Bluetooth. Responde y recha<\/p>\n","protected":false},"featured_media":13420,"comment_status":"open","ping_status":"closed","template":"","meta":[],"product_cat":[477],"product_tag":[],"class_list":["post-13422","product","type-product","status-publish","has-post-thumbnail","hentry","product_cat-auriculares-bluetooth-tws","thunk-woo-product-list","opn-qv-enable","top-store-woo-hover-","top-store-single-product-tab-horizontal","top-store-shadow-","top-store-shadow-hover-"],"_links":{"self":[{"href":"https:\/\/server.idssoft.net\/idsdemo\/wp-json\/wp\/v2\/product\/13422","targetHints":{"allow":["GET"]}}],"collection":[{"href":"https:\/\/server.idssoft.net\/idsdemo\/wp-json\/wp\/v2\/product"}],"about":[{"href":"https:\/\/server.idssoft.net\/idsdemo\/wp-json\/wp\/v2\/types\/product"}],"replies":[{"embeddable":true,"href":"https:\/\/server.idssoft.net\/idsdemo\/wp-json\/wp\/v2\/comments?post=13422"}],"wp:featuredmedia":[{"embeddable":true,"href":"https:\/\/server.idssoft.net\/idsdemo\/wp-json\/wp\/v2\/media\/13420"}],"wp:attachment":[{"href":"https:\/\/server.idssoft.net\/idsdemo\/wp-json\/wp\/v2\/media?parent=13422"}],"wp:term":[{"taxonomy":"product_cat","embeddable":true,"href":"https:\/\/server.idssoft.net\/idsdemo\/wp-json\/wp\/v2\/product_cat?post=13422"},{"taxonomy":"product_tag","embeddable":true,"href":"https:\/\/server.idssoft.net\/idsdemo\/wp-json\/wp\/v2\/product_tag?post=13422"}],"curies":[{"name":"wp","href":"https:\/\/api.w.org\/{rel}","templated":true}]}}