{"id":13424,"date":"2021-06-23T14:35:40","date_gmt":"2021-06-23T14:35:40","guid":{"rendered":"https:\/\/server.idssoft.net\/idsdemo\/producto\/altavoz-bluetooth-ot-colabottle-x-fonestar-negro-naranja\/"},"modified":"2021-06-23T14:35:40","modified_gmt":"2021-06-23T14:35:40","slug":"altavoz-bluetooth-ot-colabottle-x-fonestar-negro-naranja","status":"publish","type":"product","link":"https:\/\/server.idssoft.net\/idsdemo\/producto\/altavoz-bluetooth-ot-colabottle-x-fonestar-negro-naranja\/","title":{"rendered":"ALTAVOZ BLUETOOTH OT COLABOTTLE-X FONESTAR NEGRO NARANJA"},"content":{"rendered":"<p>&#8211; Altavoz bluetooth.<br \/>&#8211; Bluetooth 4.2.<br \/>&#8211; Original dise\u00f1o con un sonido port\u00e1til de calidad.<br \/>&#8211; Acabado en tela, perfecto para uso en exteriores.<br \/>&#8211; Reproduce m\u00fasica desde smartphones, tablets y otros dispositivos bluetooth.<br \/>&#8211;<\/p>\n","protected":false},"excerpt":{"rendered":"<p>&#8211; Altavoz bluetooth.&#8211; Bluetooth 4.2.&#8211; Original dise\u00f1o con un sonido port\u00e1til de calidad.&#8211; Acabado en tela, perfecto para uso en exteriores.&#8211; Reproduce m\u00fasica desde smartphones, tablets y otros dispositivos bluetooth.&#8211;<\/p>\n","protected":false},"featured_media":13423,"comment_status":"open","ping_status":"closed","template":"","meta":[],"product_cat":[472],"product_tag":[],"class_list":["post-13424","product","type-product","status-publish","has-post-thumbnail","hentry","product_cat-altavoces-bluetooth","thunk-woo-product-list","opn-qv-enable","top-store-woo-hover-","top-store-single-product-tab-horizontal","top-store-shadow-","top-store-shadow-hover-"],"_links":{"self":[{"href":"https:\/\/server.idssoft.net\/idsdemo\/wp-json\/wp\/v2\/product\/13424","targetHints":{"allow":["GET"]}}],"collection":[{"href":"https:\/\/server.idssoft.net\/idsdemo\/wp-json\/wp\/v2\/product"}],"about":[{"href":"https:\/\/server.idssoft.net\/idsdemo\/wp-json\/wp\/v2\/types\/product"}],"replies":[{"embeddable":true,"href":"https:\/\/server.idssoft.net\/idsdemo\/wp-json\/wp\/v2\/comments?post=13424"}],"wp:featuredmedia":[{"embeddable":true,"href":"https:\/\/server.idssoft.net\/idsdemo\/wp-json\/wp\/v2\/media\/13423"}],"wp:attachment":[{"href":"https:\/\/server.idssoft.net\/idsdemo\/wp-json\/wp\/v2\/media?parent=13424"}],"wp:term":[{"taxonomy":"product_cat","embeddable":true,"href":"https:\/\/server.idssoft.net\/idsdemo\/wp-json\/wp\/v2\/product_cat?post=13424"},{"taxonomy":"product_tag","embeddable":true,"href":"https:\/\/server.idssoft.net\/idsdemo\/wp-json\/wp\/v2\/product_tag?post=13424"}],"curies":[{"name":"wp","href":"https:\/\/api.w.org\/{rel}","templated":true}]}}