{"id":13427,"date":"2021-06-23T14:35:45","date_gmt":"2021-06-23T14:35:45","guid":{"rendered":"https:\/\/server.idssoft.net\/idsdemo\/producto\/auriculares-inalambricos-fa-8060-fonestar\/"},"modified":"2021-06-23T14:35:45","modified_gmt":"2021-06-23T14:35:45","slug":"auriculares-inalambricos-fa-8060-fonestar","status":"publish","type":"product","link":"https:\/\/server.idssoft.net\/idsdemo\/producto\/auriculares-inalambricos-fa-8060-fonestar\/","title":{"rendered":"AURICULARES INALAMBRICOS FA-8060 FONESTAR"},"content":{"rendered":"<p>. CARACTER\u00cdSTICAS<\/p>\n<p>Sistema inal\u00e1mbrico de auriculares est\u00e9reo Hi-Fi por radiofrecuencia UHF.<\/p>\n<p>Emisor con entrada de audio est\u00e9reo y 3 canales de transmisi\u00f3n seleccionables.<\/p>\n<p>Permite total movilidad y comodidad de escucha i<\/p>\n","protected":false},"excerpt":{"rendered":"<p>. CARACTER\u00cdSTICAS Sistema inal\u00e1mbrico de auriculares est\u00e9reo Hi-Fi por radiofrecuencia UHF. Emisor con entrada de audio est\u00e9reo y 3 canales de transmisi\u00f3n seleccionables. Permite total movilidad y comodidad de escucha i<\/p>\n","protected":false},"featured_media":13425,"comment_status":"open","ping_status":"closed","template":"","meta":[],"product_cat":[474],"product_tag":[],"class_list":["post-13427","product","type-product","status-publish","has-post-thumbnail","hentry","product_cat-auriculares-con-cable","thunk-woo-product-list","opn-qv-enable","top-store-woo-hover-","top-store-single-product-tab-horizontal","top-store-shadow-","top-store-shadow-hover-"],"_links":{"self":[{"href":"https:\/\/server.idssoft.net\/idsdemo\/wp-json\/wp\/v2\/product\/13427","targetHints":{"allow":["GET"]}}],"collection":[{"href":"https:\/\/server.idssoft.net\/idsdemo\/wp-json\/wp\/v2\/product"}],"about":[{"href":"https:\/\/server.idssoft.net\/idsdemo\/wp-json\/wp\/v2\/types\/product"}],"replies":[{"embeddable":true,"href":"https:\/\/server.idssoft.net\/idsdemo\/wp-json\/wp\/v2\/comments?post=13427"}],"wp:featuredmedia":[{"embeddable":true,"href":"https:\/\/server.idssoft.net\/idsdemo\/wp-json\/wp\/v2\/media\/13425"}],"wp:attachment":[{"href":"https:\/\/server.idssoft.net\/idsdemo\/wp-json\/wp\/v2\/media?parent=13427"}],"wp:term":[{"taxonomy":"product_cat","embeddable":true,"href":"https:\/\/server.idssoft.net\/idsdemo\/wp-json\/wp\/v2\/product_cat?post=13427"},{"taxonomy":"product_tag","embeddable":true,"href":"https:\/\/server.idssoft.net\/idsdemo\/wp-json\/wp\/v2\/product_tag?post=13427"}],"curies":[{"name":"wp","href":"https:\/\/api.w.org\/{rel}","templated":true}]}}