{"id":13437,"date":"2021-06-23T14:36:04","date_gmt":"2021-06-23T14:36:04","guid":{"rendered":"https:\/\/server.idssoft.net\/idsdemo\/producto\/linterna-led-recargable-con-usb-e-iman-cob-300-lumens-edm\/"},"modified":"2021-06-23T14:36:04","modified_gmt":"2021-06-23T14:36:04","slug":"linterna-led-recargable-con-usb-e-iman-cob-300-lumens-edm","status":"publish","type":"product","link":"https:\/\/server.idssoft.net\/idsdemo\/producto\/linterna-led-recargable-con-usb-e-iman-cob-300-lumens-edm\/","title":{"rendered":"LINTERNA LED RECARGABLE CON USB E IMAN COB 300 LUMENS EDM"},"content":{"rendered":"<p>. Recarga por USB<br \/>. Im\u00e1n incorporado<br \/>. 300Lumens, led XL<br \/>. Opci\u00f3n powerbank<br \/>. Duraci\u00f3n aprox: 2.5 Horas  <\/p>\n","protected":false},"excerpt":{"rendered":"<p>. Recarga por USB. Im\u00e1n incorporado. 300Lumens, led XL. Opci\u00f3n powerbank. Duraci\u00f3n aprox: 2.5 Horas<\/p>\n","protected":false},"featured_media":13435,"comment_status":"open","ping_status":"closed","template":"","meta":[],"product_cat":[457],"product_tag":[],"class_list":["post-13437","product","type-product","status-publish","has-post-thumbnail","hentry","product_cat-linternas-lamparas","thunk-woo-product-list","opn-qv-enable","top-store-woo-hover-","top-store-single-product-tab-horizontal","top-store-shadow-","top-store-shadow-hover-"],"_links":{"self":[{"href":"https:\/\/server.idssoft.net\/idsdemo\/wp-json\/wp\/v2\/product\/13437","targetHints":{"allow":["GET"]}}],"collection":[{"href":"https:\/\/server.idssoft.net\/idsdemo\/wp-json\/wp\/v2\/product"}],"about":[{"href":"https:\/\/server.idssoft.net\/idsdemo\/wp-json\/wp\/v2\/types\/product"}],"replies":[{"embeddable":true,"href":"https:\/\/server.idssoft.net\/idsdemo\/wp-json\/wp\/v2\/comments?post=13437"}],"wp:featuredmedia":[{"embeddable":true,"href":"https:\/\/server.idssoft.net\/idsdemo\/wp-json\/wp\/v2\/media\/13435"}],"wp:attachment":[{"href":"https:\/\/server.idssoft.net\/idsdemo\/wp-json\/wp\/v2\/media?parent=13437"}],"wp:term":[{"taxonomy":"product_cat","embeddable":true,"href":"https:\/\/server.idssoft.net\/idsdemo\/wp-json\/wp\/v2\/product_cat?post=13437"},{"taxonomy":"product_tag","embeddable":true,"href":"https:\/\/server.idssoft.net\/idsdemo\/wp-json\/wp\/v2\/product_tag?post=13437"}],"curies":[{"name":"wp","href":"https:\/\/api.w.org\/{rel}","templated":true}]}}