{"id":13450,"date":"2021-06-23T14:36:30","date_gmt":"2021-06-23T14:36:30","guid":{"rendered":"https:\/\/server.idssoft.net\/idsdemo\/producto\/condensador-para-bombilla-led-edm\/"},"modified":"2021-06-23T14:36:30","modified_gmt":"2021-06-23T14:36:30","slug":"condensador-para-bombilla-led-edm","status":"publish","type":"product","link":"https:\/\/server.idssoft.net\/idsdemo\/producto\/condensador-para-bombilla-led-edm\/","title":{"rendered":"CONDENSADOR PARA BOMBILLA LED EDM"},"content":{"rendered":"<p>. Las peque\u00f1as cargas de tensi\u00f3n que encuentran su salida en las luminarias LED que se encienden o parpadean al necesitar muy poca energ\u00eda para funcionar tienen diferentes soluciones dependiendo de su instalaci\u00f3n, pero ahora existe la posibilidad<\/p>\n","protected":false},"excerpt":{"rendered":"<p>. Las peque\u00f1as cargas de tensi\u00f3n que encuentran su salida en las luminarias LED que se encienden o parpadean al necesitar muy poca energ\u00eda para funcionar tienen diferentes soluciones dependiendo de su instalaci\u00f3n, pero ahora existe la posibilidad<\/p>\n","protected":false},"featured_media":13449,"comment_status":"open","ping_status":"closed","template":"","meta":[],"product_cat":[455],"product_tag":[],"class_list":["post-13450","product","type-product","status-publish","has-post-thumbnail","hentry","product_cat-otras-bombillas-led","thunk-woo-product-list","opn-qv-enable","top-store-woo-hover-","top-store-single-product-tab-horizontal","top-store-shadow-","top-store-shadow-hover-"],"_links":{"self":[{"href":"https:\/\/server.idssoft.net\/idsdemo\/wp-json\/wp\/v2\/product\/13450","targetHints":{"allow":["GET"]}}],"collection":[{"href":"https:\/\/server.idssoft.net\/idsdemo\/wp-json\/wp\/v2\/product"}],"about":[{"href":"https:\/\/server.idssoft.net\/idsdemo\/wp-json\/wp\/v2\/types\/product"}],"replies":[{"embeddable":true,"href":"https:\/\/server.idssoft.net\/idsdemo\/wp-json\/wp\/v2\/comments?post=13450"}],"wp:featuredmedia":[{"embeddable":true,"href":"https:\/\/server.idssoft.net\/idsdemo\/wp-json\/wp\/v2\/media\/13449"}],"wp:attachment":[{"href":"https:\/\/server.idssoft.net\/idsdemo\/wp-json\/wp\/v2\/media?parent=13450"}],"wp:term":[{"taxonomy":"product_cat","embeddable":true,"href":"https:\/\/server.idssoft.net\/idsdemo\/wp-json\/wp\/v2\/product_cat?post=13450"},{"taxonomy":"product_tag","embeddable":true,"href":"https:\/\/server.idssoft.net\/idsdemo\/wp-json\/wp\/v2\/product_tag?post=13450"}],"curies":[{"name":"wp","href":"https:\/\/api.w.org\/{rel}","templated":true}]}}