{"id":13460,"date":"2021-06-23T14:36:48","date_gmt":"2021-06-23T14:36:48","guid":{"rendered":"https:\/\/server.idssoft.net\/idsdemo\/producto\/bascula-de-viaje-50kg-max-edm\/"},"modified":"2021-06-23T14:36:48","modified_gmt":"2021-06-23T14:36:48","slug":"bascula-de-viaje-50kg-max-edm","status":"publish","type":"product","link":"https:\/\/server.idssoft.net\/idsdemo\/producto\/bascula-de-viaje-50kg-max-edm\/","title":{"rendered":"BASCULA DE VIAJE 50KG MAX EDM"},"content":{"rendered":"<p>. Max 50Kg<br \/>. Divisi\u00f3n de lectura: 0.01Kg<br \/>. Apagado autom\u00e1tico si no se usa durante mas de 60seg<br \/>. Tambi\u00e9n tiene cinta m\u00e1trica<br \/>. Funciona con 2 x AAA  <\/p>\n","protected":false},"excerpt":{"rendered":"<p>. Max 50Kg. Divisi\u00f3n de lectura: 0.01Kg. Apagado autom\u00e1tico si no se usa durante mas de 60seg. Tambi\u00e9n tiene cinta m\u00e1trica. Funciona con 2 x AAA<\/p>\n","protected":false},"featured_media":13459,"comment_status":"open","ping_status":"closed","template":"","meta":[],"product_cat":[510],"product_tag":[],"class_list":["post-13460","product","type-product","status-publish","has-post-thumbnail","hentry","product_cat-basculas-bao","thunk-woo-product-list","opn-qv-enable","top-store-woo-hover-","top-store-single-product-tab-horizontal","top-store-shadow-","top-store-shadow-hover-"],"_links":{"self":[{"href":"https:\/\/server.idssoft.net\/idsdemo\/wp-json\/wp\/v2\/product\/13460","targetHints":{"allow":["GET"]}}],"collection":[{"href":"https:\/\/server.idssoft.net\/idsdemo\/wp-json\/wp\/v2\/product"}],"about":[{"href":"https:\/\/server.idssoft.net\/idsdemo\/wp-json\/wp\/v2\/types\/product"}],"replies":[{"embeddable":true,"href":"https:\/\/server.idssoft.net\/idsdemo\/wp-json\/wp\/v2\/comments?post=13460"}],"wp:featuredmedia":[{"embeddable":true,"href":"https:\/\/server.idssoft.net\/idsdemo\/wp-json\/wp\/v2\/media\/13459"}],"wp:attachment":[{"href":"https:\/\/server.idssoft.net\/idsdemo\/wp-json\/wp\/v2\/media?parent=13460"}],"wp:term":[{"taxonomy":"product_cat","embeddable":true,"href":"https:\/\/server.idssoft.net\/idsdemo\/wp-json\/wp\/v2\/product_cat?post=13460"},{"taxonomy":"product_tag","embeddable":true,"href":"https:\/\/server.idssoft.net\/idsdemo\/wp-json\/wp\/v2\/product_tag?post=13460"}],"curies":[{"name":"wp","href":"https:\/\/api.w.org\/{rel}","templated":true}]}}