{"id":13574,"date":"2021-06-23T14:40:36","date_gmt":"2021-06-23T14:40:36","guid":{"rendered":"https:\/\/server.idssoft.net\/idsdemo\/producto\/auriculares-deportivos-xb510as-extras-bass-con-microfono-neg\/"},"modified":"2021-06-23T14:40:36","modified_gmt":"2021-06-23T14:40:36","slug":"auriculares-deportivos-xb510as-extras-bass-con-microfono-neg","status":"publish","type":"product","link":"https:\/\/server.idssoft.net\/idsdemo\/producto\/auriculares-deportivos-xb510as-extras-bass-con-microfono-neg\/","title":{"rendered":"AURICULARES DEPORTIVOS XB510AS EXTRAS BASS CON MICROFONO NEG"},"content":{"rendered":"<p>. Se puede lavar tras los entrenamientos gracias a su dise\u00f1o IPX5\/7<br \/>. Los soportes en arco mantienen los auriculares seguros en su sitio<br \/>. Su potencia Extra Bass aumentar\u00e1 los graves y te dar\u00e1 m\u00e1ximo impulso para seguir manteniendo el rend<\/p>\n","protected":false},"excerpt":{"rendered":"<p>. Se puede lavar tras los entrenamientos gracias a su dise\u00f1o IPX5\/7. Los soportes en arco mantienen los auriculares seguros en su sitio. Su potencia Extra Bass aumentar\u00e1 los graves y te dar\u00e1 m\u00e1ximo impulso para seguir manteniendo el rend<\/p>\n","protected":false},"featured_media":13573,"comment_status":"open","ping_status":"closed","template":"","meta":[],"product_cat":[474],"product_tag":[],"class_list":["post-13574","product","type-product","status-publish","has-post-thumbnail","hentry","product_cat-auriculares-con-cable","thunk-woo-product-list","opn-qv-enable","top-store-woo-hover-","top-store-single-product-tab-horizontal","top-store-shadow-","top-store-shadow-hover-"],"_links":{"self":[{"href":"https:\/\/server.idssoft.net\/idsdemo\/wp-json\/wp\/v2\/product\/13574","targetHints":{"allow":["GET"]}}],"collection":[{"href":"https:\/\/server.idssoft.net\/idsdemo\/wp-json\/wp\/v2\/product"}],"about":[{"href":"https:\/\/server.idssoft.net\/idsdemo\/wp-json\/wp\/v2\/types\/product"}],"replies":[{"embeddable":true,"href":"https:\/\/server.idssoft.net\/idsdemo\/wp-json\/wp\/v2\/comments?post=13574"}],"wp:featuredmedia":[{"embeddable":true,"href":"https:\/\/server.idssoft.net\/idsdemo\/wp-json\/wp\/v2\/media\/13573"}],"wp:attachment":[{"href":"https:\/\/server.idssoft.net\/idsdemo\/wp-json\/wp\/v2\/media?parent=13574"}],"wp:term":[{"taxonomy":"product_cat","embeddable":true,"href":"https:\/\/server.idssoft.net\/idsdemo\/wp-json\/wp\/v2\/product_cat?post=13574"},{"taxonomy":"product_tag","embeddable":true,"href":"https:\/\/server.idssoft.net\/idsdemo\/wp-json\/wp\/v2\/product_tag?post=13574"}],"curies":[{"name":"wp","href":"https:\/\/api.w.org\/{rel}","templated":true}]}}