{"id":13584,"date":"2021-06-23T14:40:54","date_gmt":"2021-06-23T14:40:54","guid":{"rendered":"https:\/\/server.idssoft.net\/idsdemo\/producto\/casita-infantil-de-juegos-plegable-115x91-5x95cm\/"},"modified":"2021-06-23T14:40:54","modified_gmt":"2021-06-23T14:40:54","slug":"casita-infantil-de-juegos-plegable-115x91-5x95cm","status":"publish","type":"product","link":"https:\/\/server.idssoft.net\/idsdemo\/producto\/casita-infantil-de-juegos-plegable-115x91-5x95cm\/","title":{"rendered":"CASITA INFANTIL DE JUEGOS PLEGABLE 115X91.5X95CM"},"content":{"rendered":"<p>. Casa de juegos plegable de f\u00e1cil y r\u00e1pido montaje para ni\u00f1os de 2 a\u00f1os en adelante. Puede utilizarse en espacios interiores y en exteriores. No ocupa espacio, podr\u00e1s colocarla en cualquier rinc\u00f3n. Casita para ni\u00f1os funcional y divertida dise?<\/p>\n","protected":false},"excerpt":{"rendered":"<p>. Casa de juegos plegable de f\u00e1cil y r\u00e1pido montaje para ni\u00f1os de 2 a\u00f1os en adelante. Puede utilizarse en espacios interiores y en exteriores. No ocupa espacio, podr\u00e1s colocarla en cualquier rinc\u00f3n. Casita para ni\u00f1os funcional y divertida dise?<\/p>\n","protected":false},"featured_media":13582,"comment_status":"open","ping_status":"closed","template":"","meta":[],"product_cat":[539],"product_tag":[],"class_list":["post-13584","product","type-product","status-publish","has-post-thumbnail","hentry","product_cat-ordenacion","thunk-woo-product-list","opn-qv-enable","top-store-woo-hover-","top-store-single-product-tab-horizontal","top-store-shadow-","top-store-shadow-hover-"],"_links":{"self":[{"href":"https:\/\/server.idssoft.net\/idsdemo\/wp-json\/wp\/v2\/product\/13584","targetHints":{"allow":["GET"]}}],"collection":[{"href":"https:\/\/server.idssoft.net\/idsdemo\/wp-json\/wp\/v2\/product"}],"about":[{"href":"https:\/\/server.idssoft.net\/idsdemo\/wp-json\/wp\/v2\/types\/product"}],"replies":[{"embeddable":true,"href":"https:\/\/server.idssoft.net\/idsdemo\/wp-json\/wp\/v2\/comments?post=13584"}],"wp:featuredmedia":[{"embeddable":true,"href":"https:\/\/server.idssoft.net\/idsdemo\/wp-json\/wp\/v2\/media\/13582"}],"wp:attachment":[{"href":"https:\/\/server.idssoft.net\/idsdemo\/wp-json\/wp\/v2\/media?parent=13584"}],"wp:term":[{"taxonomy":"product_cat","embeddable":true,"href":"https:\/\/server.idssoft.net\/idsdemo\/wp-json\/wp\/v2\/product_cat?post=13584"},{"taxonomy":"product_tag","embeddable":true,"href":"https:\/\/server.idssoft.net\/idsdemo\/wp-json\/wp\/v2\/product_tag?post=13584"}],"curies":[{"name":"wp","href":"https:\/\/api.w.org\/{rel}","templated":true}]}}