{"id":13636,"date":"2021-06-23T14:42:24","date_gmt":"2021-06-23T14:42:24","guid":{"rendered":"https:\/\/server.idssoft.net\/idsdemo\/producto\/webcam-trust-gaming-gxt-1160-vero-streaming-fhd-8mp-us\/"},"modified":"2021-06-23T14:42:24","modified_gmt":"2021-06-23T14:42:24","slug":"webcam-trust-gaming-gxt-1160-vero-streaming-fhd-8mp-us","status":"publish","type":"product","link":"https:\/\/server.idssoft.net\/idsdemo\/producto\/webcam-trust-gaming-gxt-1160-vero-streaming-fhd-8mp-us\/","title":{"rendered":"WEBCAM TRUST GAMING GXT 1160 VERO STREAMING | FHD | 8MP | US"},"content":{"rendered":"<p>.Webcam de alta definici\u00f3n de 8 megap\u00edxeles (3840 x 2160)<br \/>.Micr\u00f3fono incorporado, ideal para chats de v\u00eddeo<br \/>    Perfecta para Skype, YouTube y streaming en l\u00ednea.  <br \/>.Pr\u00e1ctico pedestal dotado de pinza integrada, ideal para pantallas d<\/p>\n","protected":false},"excerpt":{"rendered":"<p>.Webcam de alta definici\u00f3n de 8 megap\u00edxeles (3840 x 2160).Micr\u00f3fono incorporado, ideal para chats de v\u00eddeo Perfecta para Skype, YouTube y streaming en l\u00ednea. .Pr\u00e1ctico pedestal dotado de pinza integrada, ideal para pantallas d<\/p>\n","protected":false},"featured_media":13634,"comment_status":"open","ping_status":"closed","template":"","meta":[],"product_cat":[569],"product_tag":[],"class_list":["post-13636","product","type-product","status-publish","has-post-thumbnail","hentry","product_cat-webcams","thunk-woo-product-list","opn-qv-enable","top-store-woo-hover-","top-store-single-product-tab-horizontal","top-store-shadow-","top-store-shadow-hover-"],"_links":{"self":[{"href":"https:\/\/server.idssoft.net\/idsdemo\/wp-json\/wp\/v2\/product\/13636","targetHints":{"allow":["GET"]}}],"collection":[{"href":"https:\/\/server.idssoft.net\/idsdemo\/wp-json\/wp\/v2\/product"}],"about":[{"href":"https:\/\/server.idssoft.net\/idsdemo\/wp-json\/wp\/v2\/types\/product"}],"replies":[{"embeddable":true,"href":"https:\/\/server.idssoft.net\/idsdemo\/wp-json\/wp\/v2\/comments?post=13636"}],"wp:featuredmedia":[{"embeddable":true,"href":"https:\/\/server.idssoft.net\/idsdemo\/wp-json\/wp\/v2\/media\/13634"}],"wp:attachment":[{"href":"https:\/\/server.idssoft.net\/idsdemo\/wp-json\/wp\/v2\/media?parent=13636"}],"wp:term":[{"taxonomy":"product_cat","embeddable":true,"href":"https:\/\/server.idssoft.net\/idsdemo\/wp-json\/wp\/v2\/product_cat?post=13636"},{"taxonomy":"product_tag","embeddable":true,"href":"https:\/\/server.idssoft.net\/idsdemo\/wp-json\/wp\/v2\/product_tag?post=13636"}],"curies":[{"name":"wp","href":"https:\/\/api.w.org\/{rel}","templated":true}]}}