{"id":13666,"date":"2021-06-23T14:43:22","date_gmt":"2021-06-23T14:43:22","guid":{"rendered":"https:\/\/server.idssoft.net\/idsdemo\/producto\/auriculares-mauro-microfono-conexion-usb-trust\/"},"modified":"2021-06-23T14:43:22","modified_gmt":"2021-06-23T14:43:22","slug":"auriculares-mauro-microfono-conexion-usb-trust","status":"publish","type":"product","link":"https:\/\/server.idssoft.net\/idsdemo\/producto\/auriculares-mauro-microfono-conexion-usb-trust\/","title":{"rendered":"AURICULARES MAURO MICROFONO CONEXION USB TRUST"},"content":{"rendered":"<p>Especificaciones t\u00e9cnicas<\/p>\n<p>Conexi\u00f3n USB para una reproducci\u00f3n de la voz clara y libre de ruidos en sesiones de chat y de juego en l\u00ednea<br \/>C\u00f3modo dise\u00f1o con banda ajustable para la cabeza y almohadillas blandas para los o\u00eddos<br \/>Mando<\/p>\n","protected":false},"excerpt":{"rendered":"<p>Especificaciones t\u00e9cnicas Conexi\u00f3n USB para una reproducci\u00f3n de la voz clara y libre de ruidos en sesiones de chat y de juego en l\u00edneaC\u00f3modo dise\u00f1o con banda ajustable para la cabeza y almohadillas blandas para los o\u00eddosMando<\/p>\n","protected":false},"featured_media":13664,"comment_status":"open","ping_status":"closed","template":"","meta":[],"product_cat":[474],"product_tag":[],"class_list":["post-13666","product","type-product","status-publish","has-post-thumbnail","hentry","product_cat-auriculares-con-cable","thunk-woo-product-list","opn-qv-enable","top-store-woo-hover-","top-store-single-product-tab-horizontal","top-store-shadow-","top-store-shadow-hover-"],"_links":{"self":[{"href":"https:\/\/server.idssoft.net\/idsdemo\/wp-json\/wp\/v2\/product\/13666","targetHints":{"allow":["GET"]}}],"collection":[{"href":"https:\/\/server.idssoft.net\/idsdemo\/wp-json\/wp\/v2\/product"}],"about":[{"href":"https:\/\/server.idssoft.net\/idsdemo\/wp-json\/wp\/v2\/types\/product"}],"replies":[{"embeddable":true,"href":"https:\/\/server.idssoft.net\/idsdemo\/wp-json\/wp\/v2\/comments?post=13666"}],"wp:featuredmedia":[{"embeddable":true,"href":"https:\/\/server.idssoft.net\/idsdemo\/wp-json\/wp\/v2\/media\/13664"}],"wp:attachment":[{"href":"https:\/\/server.idssoft.net\/idsdemo\/wp-json\/wp\/v2\/media?parent=13666"}],"wp:term":[{"taxonomy":"product_cat","embeddable":true,"href":"https:\/\/server.idssoft.net\/idsdemo\/wp-json\/wp\/v2\/product_cat?post=13666"},{"taxonomy":"product_tag","embeddable":true,"href":"https:\/\/server.idssoft.net\/idsdemo\/wp-json\/wp\/v2\/product_tag?post=13666"}],"curies":[{"name":"wp","href":"https:\/\/api.w.org\/{rel}","templated":true}]}}