{"id":13668,"date":"2021-06-23T14:43:26","date_gmt":"2021-06-23T14:43:26","guid":{"rendered":"https:\/\/server.idssoft.net\/idsdemo\/producto\/solucion-hidroalcoholica-5-litros-70-higienizacion-en-seco\/"},"modified":"2021-06-23T14:43:26","modified_gmt":"2021-06-23T14:43:26","slug":"solucion-hidroalcoholica-5-litros-70-higienizacion-en-seco","status":"publish","type":"product","link":"https:\/\/server.idssoft.net\/idsdemo\/producto\/solucion-hidroalcoholica-5-litros-70-higienizacion-en-seco\/","title":{"rendered":"SOLUCION HIDROALCOHOLICA 5 LITROS 70% HIGIENIZACI\u00d3N EN SECO"},"content":{"rendered":"<p>&#8211; Caracter\u00edsticas: soluci\u00f3n hieginizante en base alcoh\u00f3lica para limpiar e higienizar todas las superficies.<br \/>&#8211; Contenido m\u00ednimo de alcohol: 70%<br \/>&#8211; Aplicaciones: apto para todo tipo de superficies e higienizar pantallas, cajas registradora<\/p>\n","protected":false},"excerpt":{"rendered":"<p>&#8211; Caracter\u00edsticas: soluci\u00f3n hieginizante en base alcoh\u00f3lica para limpiar e higienizar todas las superficies.&#8211; Contenido m\u00ednimo de alcohol: 70%&#8211; Aplicaciones: apto para todo tipo de superficies e higienizar pantallas, cajas registradora<\/p>\n","protected":false},"featured_media":13667,"comment_status":"open","ping_status":"closed","template":"","meta":[],"product_cat":[651],"product_tag":[],"class_list":["post-13668","product","type-product","status-publish","has-post-thumbnail","hentry","product_cat-geles-sprays","thunk-woo-product-list","opn-qv-enable","top-store-woo-hover-","top-store-single-product-tab-horizontal","top-store-shadow-","top-store-shadow-hover-"],"_links":{"self":[{"href":"https:\/\/server.idssoft.net\/idsdemo\/wp-json\/wp\/v2\/product\/13668","targetHints":{"allow":["GET"]}}],"collection":[{"href":"https:\/\/server.idssoft.net\/idsdemo\/wp-json\/wp\/v2\/product"}],"about":[{"href":"https:\/\/server.idssoft.net\/idsdemo\/wp-json\/wp\/v2\/types\/product"}],"replies":[{"embeddable":true,"href":"https:\/\/server.idssoft.net\/idsdemo\/wp-json\/wp\/v2\/comments?post=13668"}],"wp:featuredmedia":[{"embeddable":true,"href":"https:\/\/server.idssoft.net\/idsdemo\/wp-json\/wp\/v2\/media\/13667"}],"wp:attachment":[{"href":"https:\/\/server.idssoft.net\/idsdemo\/wp-json\/wp\/v2\/media?parent=13668"}],"wp:term":[{"taxonomy":"product_cat","embeddable":true,"href":"https:\/\/server.idssoft.net\/idsdemo\/wp-json\/wp\/v2\/product_cat?post=13668"},{"taxonomy":"product_tag","embeddable":true,"href":"https:\/\/server.idssoft.net\/idsdemo\/wp-json\/wp\/v2\/product_tag?post=13668"}],"curies":[{"name":"wp","href":"https:\/\/api.w.org\/{rel}","templated":true}]}}