{"id":13675,"date":"2021-06-23T14:43:39","date_gmt":"2021-06-23T14:43:39","guid":{"rendered":"https:\/\/server.idssoft.net\/idsdemo\/producto\/base-refrigeracion-ngs-cooler-jetstand-usb-2-ventiladores\/"},"modified":"2021-06-23T14:43:39","modified_gmt":"2021-06-23T14:43:39","slug":"base-refrigeracion-ngs-cooler-jetstand-usb-2-ventiladores","status":"publish","type":"product","link":"https:\/\/server.idssoft.net\/idsdemo\/producto\/base-refrigeracion-ngs-cooler-jetstand-usb-2-ventiladores\/","title":{"rendered":"BASE REFRIGERACION NGS COOLER JETSTAND USB | 2 VENTILADORES"},"content":{"rendered":"<p>.Base de refrigeraci\u00f3n para port\u00e1til equipado con dos grandes ventiladores (12,5 x 12,5 cm)<br \/>.Luz LED y malla met\u00e1lica<br \/>.Puerto USB extra<br \/>.Tama\u00f1o adecuado para port\u00e1tiles de hasta 15,6&#8242;  <\/p>\n","protected":false},"excerpt":{"rendered":"<p>.Base de refrigeraci\u00f3n para port\u00e1til equipado con dos grandes ventiladores (12,5 x 12,5 cm).Luz LED y malla met\u00e1lica.Puerto USB extra.Tama\u00f1o adecuado para port\u00e1tiles de hasta 15,6&#8242;<\/p>\n","protected":false},"featured_media":13674,"comment_status":"open","ping_status":"closed","template":"","meta":[],"product_cat":[484],"product_tag":[],"class_list":["post-13675","product","type-product","status-publish","has-post-thumbnail","hentry","product_cat-accesorios-para-portatiles","thunk-woo-product-list","opn-qv-enable","top-store-woo-hover-","top-store-single-product-tab-horizontal","top-store-shadow-","top-store-shadow-hover-"],"_links":{"self":[{"href":"https:\/\/server.idssoft.net\/idsdemo\/wp-json\/wp\/v2\/product\/13675","targetHints":{"allow":["GET"]}}],"collection":[{"href":"https:\/\/server.idssoft.net\/idsdemo\/wp-json\/wp\/v2\/product"}],"about":[{"href":"https:\/\/server.idssoft.net\/idsdemo\/wp-json\/wp\/v2\/types\/product"}],"replies":[{"embeddable":true,"href":"https:\/\/server.idssoft.net\/idsdemo\/wp-json\/wp\/v2\/comments?post=13675"}],"wp:featuredmedia":[{"embeddable":true,"href":"https:\/\/server.idssoft.net\/idsdemo\/wp-json\/wp\/v2\/media\/13674"}],"wp:attachment":[{"href":"https:\/\/server.idssoft.net\/idsdemo\/wp-json\/wp\/v2\/media?parent=13675"}],"wp:term":[{"taxonomy":"product_cat","embeddable":true,"href":"https:\/\/server.idssoft.net\/idsdemo\/wp-json\/wp\/v2\/product_cat?post=13675"},{"taxonomy":"product_tag","embeddable":true,"href":"https:\/\/server.idssoft.net\/idsdemo\/wp-json\/wp\/v2\/product_tag?post=13675"}],"curies":[{"name":"wp","href":"https:\/\/api.w.org\/{rel}","templated":true}]}}