{"id":13678,"date":"2021-06-23T14:43:44","date_gmt":"2021-06-23T14:43:44","guid":{"rendered":"https:\/\/server.idssoft.net\/idsdemo\/producto\/radio-spc-icy-pro-50-emisoras-lcd-antena-telescopica\/"},"modified":"2021-06-23T14:43:44","modified_gmt":"2021-06-23T14:43:44","slug":"radio-spc-icy-pro-50-emisoras-lcd-antena-telescopica","status":"publish","type":"product","link":"https:\/\/server.idssoft.net\/idsdemo\/producto\/radio-spc-icy-pro-50-emisoras-lcd-antena-telescopica\/","title":{"rendered":"RADIO SPC ICY PRO | 50 EMISORAS | LCD | ANTENA TELESCOPICA |"},"content":{"rendered":"<p>.Almacena 50 emisoras.<br \/>.Funci\u00f3n despertador (Radio\/ Tonos).<br \/>.Antena telesc\u00f3pica de alta sensibilidad.<br \/>.Pantalla LCD.<br \/>.Conexi\u00f3n para auriculares 3.5mm.<br \/>.Dimensiones: 126 x 26 x64mm. Peso: 114g.<br \/>.Funci\u00f3n con bater\u00eda recargab<\/p>\n","protected":false},"excerpt":{"rendered":"<p>.Almacena 50 emisoras..Funci\u00f3n despertador (Radio\/ Tonos)..Antena telesc\u00f3pica de alta sensibilidad..Pantalla LCD..Conexi\u00f3n para auriculares 3.5mm..Dimensiones: 126 x 26 x64mm. Peso: 114g..Funci\u00f3n con bater\u00eda recargab<\/p>\n","protected":false},"featured_media":13676,"comment_status":"open","ping_status":"closed","template":"","meta":[],"product_cat":[478],"product_tag":[],"class_list":["post-13678","product","type-product","status-publish","has-post-thumbnail","hentry","product_cat-radios","thunk-woo-product-list","opn-qv-enable","top-store-woo-hover-","top-store-single-product-tab-horizontal","top-store-shadow-","top-store-shadow-hover-"],"_links":{"self":[{"href":"https:\/\/server.idssoft.net\/idsdemo\/wp-json\/wp\/v2\/product\/13678","targetHints":{"allow":["GET"]}}],"collection":[{"href":"https:\/\/server.idssoft.net\/idsdemo\/wp-json\/wp\/v2\/product"}],"about":[{"href":"https:\/\/server.idssoft.net\/idsdemo\/wp-json\/wp\/v2\/types\/product"}],"replies":[{"embeddable":true,"href":"https:\/\/server.idssoft.net\/idsdemo\/wp-json\/wp\/v2\/comments?post=13678"}],"wp:featuredmedia":[{"embeddable":true,"href":"https:\/\/server.idssoft.net\/idsdemo\/wp-json\/wp\/v2\/media\/13676"}],"wp:attachment":[{"href":"https:\/\/server.idssoft.net\/idsdemo\/wp-json\/wp\/v2\/media?parent=13678"}],"wp:term":[{"taxonomy":"product_cat","embeddable":true,"href":"https:\/\/server.idssoft.net\/idsdemo\/wp-json\/wp\/v2\/product_cat?post=13678"},{"taxonomy":"product_tag","embeddable":true,"href":"https:\/\/server.idssoft.net\/idsdemo\/wp-json\/wp\/v2\/product_tag?post=13678"}],"curies":[{"name":"wp","href":"https:\/\/api.w.org\/{rel}","templated":true}]}}