{"id":13680,"date":"2021-06-23T14:43:48","date_gmt":"2021-06-23T14:43:48","guid":{"rendered":"https:\/\/server.idssoft.net\/idsdemo\/producto\/afeitadora-en-seco-philips-s1131-41-cabezal-flexible-4d-c\/"},"modified":"2021-06-23T14:43:48","modified_gmt":"2021-06-23T14:43:48","slug":"afeitadora-en-seco-philips-s1131-41-cabezal-flexible-4d-c","status":"publish","type":"product","link":"https:\/\/server.idssoft.net\/idsdemo\/producto\/afeitadora-en-seco-philips-s1131-41-cabezal-flexible-4d-c\/","title":{"rendered":"AFEITADORA EN SECO PHILIPS S1131\/41 | CABEZAL FLEXIBLE 4D |C"},"content":{"rendered":"<p>. Afeitadora el\u00e9ctrica en seco serie 1000 de Philips.<br \/>. Las cuchillas PowerCut se han dise\u00f1ado para un afeitado m\u00e1s apurado en todo momento.<br \/>. Abre el cabezal de la afeitadora, con solo tocar un bot\u00f3n, y enjuaga con agua.<br \/>. \u00dasala sin<\/p>\n","protected":false},"excerpt":{"rendered":"<p>. Afeitadora el\u00e9ctrica en seco serie 1000 de Philips.. Las cuchillas PowerCut se han dise\u00f1ado para un afeitado m\u00e1s apurado en todo momento.. Abre el cabezal de la afeitadora, con solo tocar un bot\u00f3n, y enjuaga con agua.. \u00dasala sin<\/p>\n","protected":false},"featured_media":13679,"comment_status":"open","ping_status":"closed","template":"","meta":[],"product_cat":[509],"product_tag":[],"class_list":["post-13680","product","type-product","status-publish","has-post-thumbnail","hentry","product_cat-cuidado-cabello","thunk-woo-product-list","opn-qv-enable","top-store-woo-hover-","top-store-single-product-tab-horizontal","top-store-shadow-","top-store-shadow-hover-"],"_links":{"self":[{"href":"https:\/\/server.idssoft.net\/idsdemo\/wp-json\/wp\/v2\/product\/13680","targetHints":{"allow":["GET"]}}],"collection":[{"href":"https:\/\/server.idssoft.net\/idsdemo\/wp-json\/wp\/v2\/product"}],"about":[{"href":"https:\/\/server.idssoft.net\/idsdemo\/wp-json\/wp\/v2\/types\/product"}],"replies":[{"embeddable":true,"href":"https:\/\/server.idssoft.net\/idsdemo\/wp-json\/wp\/v2\/comments?post=13680"}],"wp:featuredmedia":[{"embeddable":true,"href":"https:\/\/server.idssoft.net\/idsdemo\/wp-json\/wp\/v2\/media\/13679"}],"wp:attachment":[{"href":"https:\/\/server.idssoft.net\/idsdemo\/wp-json\/wp\/v2\/media?parent=13680"}],"wp:term":[{"taxonomy":"product_cat","embeddable":true,"href":"https:\/\/server.idssoft.net\/idsdemo\/wp-json\/wp\/v2\/product_cat?post=13680"},{"taxonomy":"product_tag","embeddable":true,"href":"https:\/\/server.idssoft.net\/idsdemo\/wp-json\/wp\/v2\/product_tag?post=13680"}],"curies":[{"name":"wp","href":"https:\/\/api.w.org\/{rel}","templated":true}]}}