{"id":13739,"date":"2021-06-23T14:45:58","date_gmt":"2021-06-23T14:45:58","guid":{"rendered":"https:\/\/server.idssoft.net\/idsdemo\/producto\/kit-teclado-raton-usb-ziva-negro-trust\/"},"modified":"2021-06-23T14:45:58","modified_gmt":"2021-06-23T14:45:58","slug":"kit-teclado-raton-usb-ziva-negro-trust","status":"publish","type":"product","link":"https:\/\/server.idssoft.net\/idsdemo\/producto\/kit-teclado-raton-usb-ziva-negro-trust\/","title":{"rendered":"KIT TECLADO + RATON USB ZIVA NEGRO TRUST"},"content":{"rendered":"<p>.Escritura c\u00f3moda y silenciosa<br \/>.12 teclas de funci\u00f3n multimedia (combinaci\u00f3n en teclas &#034;F&#034;)<br \/>.Resistente a los vertidos<br \/>.Altura ajustable<br \/>.Cable de 1,5 m<br \/>.Sensor \u00f3ptico de 1.200 ppp<br \/>.Para usuarios diestros y zurdos&lt;b<\/p>\n","protected":false},"excerpt":{"rendered":"<p>.Escritura c\u00f3moda y silenciosa.12 teclas de funci\u00f3n multimedia (combinaci\u00f3n en teclas &#034;F&#034;).Resistente a los vertidos.Altura ajustable.Cable de 1,5 m.Sensor \u00f3ptico de 1.200 ppp.Para usuarios diestros y zurdos&lt;b<\/p>\n","protected":false},"featured_media":13738,"comment_status":"open","ping_status":"closed","template":"","meta":[],"product_cat":[567],"product_tag":[],"class_list":["post-13739","product","type-product","status-publish","has-post-thumbnail","hentry","product_cat-kit-teclado-raton","thunk-woo-product-list","opn-qv-enable","top-store-woo-hover-","top-store-single-product-tab-horizontal","top-store-shadow-","top-store-shadow-hover-"],"_links":{"self":[{"href":"https:\/\/server.idssoft.net\/idsdemo\/wp-json\/wp\/v2\/product\/13739","targetHints":{"allow":["GET"]}}],"collection":[{"href":"https:\/\/server.idssoft.net\/idsdemo\/wp-json\/wp\/v2\/product"}],"about":[{"href":"https:\/\/server.idssoft.net\/idsdemo\/wp-json\/wp\/v2\/types\/product"}],"replies":[{"embeddable":true,"href":"https:\/\/server.idssoft.net\/idsdemo\/wp-json\/wp\/v2\/comments?post=13739"}],"wp:featuredmedia":[{"embeddable":true,"href":"https:\/\/server.idssoft.net\/idsdemo\/wp-json\/wp\/v2\/media\/13738"}],"wp:attachment":[{"href":"https:\/\/server.idssoft.net\/idsdemo\/wp-json\/wp\/v2\/media?parent=13739"}],"wp:term":[{"taxonomy":"product_cat","embeddable":true,"href":"https:\/\/server.idssoft.net\/idsdemo\/wp-json\/wp\/v2\/product_cat?post=13739"},{"taxonomy":"product_tag","embeddable":true,"href":"https:\/\/server.idssoft.net\/idsdemo\/wp-json\/wp\/v2\/product_tag?post=13739"}],"curies":[{"name":"wp","href":"https:\/\/api.w.org\/{rel}","templated":true}]}}