{"id":13748,"date":"2021-06-23T14:46:12","date_gmt":"2021-06-23T14:46:12","guid":{"rendered":"https:\/\/server.idssoft.net\/idsdemo\/producto\/olla-super-rapida-8-litros-inox-18-10-fagor\/"},"modified":"2021-06-23T14:46:12","modified_gmt":"2021-06-23T14:46:12","slug":"olla-super-rapida-8-litros-inox-18-10-fagor","status":"publish","type":"product","link":"https:\/\/server.idssoft.net\/idsdemo\/producto\/olla-super-rapida-8-litros-inox-18-10-fagor\/","title":{"rendered":"OLLA SUPER RAPIDA 8 LITROS INOX 18\/10 FAGOR"},"content":{"rendered":"<p>. 8 Litros<br \/>. Inoxidable alta calidad<br \/>. 2 niveles de presi\u00f3n (r\u00e1pido 60KPA, super r\u00e1pido 100KPA)<br \/>. 5 sistemas de seguridad incluido bloqueo autom\u00e1tico de tapa<br \/>. Fondo termodifusor impaksteel de m\u00e1xima resistencia que optimiza l<\/p>\n","protected":false},"excerpt":{"rendered":"<p>. 8 Litros. Inoxidable alta calidad. 2 niveles de presi\u00f3n (r\u00e1pido 60KPA, super r\u00e1pido 100KPA). 5 sistemas de seguridad incluido bloqueo autom\u00e1tico de tapa. Fondo termodifusor impaksteel de m\u00e1xima resistencia que optimiza l<\/p>\n","protected":false},"featured_media":13746,"comment_status":"open","ping_status":"closed","template":"","meta":[],"product_cat":[517],"product_tag":[],"class_list":["post-13748","product","type-product","status-publish","has-post-thumbnail","hentry","product_cat-cacerolas-ollas-y-cazos","thunk-woo-product-list","opn-qv-enable","top-store-woo-hover-","top-store-single-product-tab-horizontal","top-store-shadow-","top-store-shadow-hover-"],"_links":{"self":[{"href":"https:\/\/server.idssoft.net\/idsdemo\/wp-json\/wp\/v2\/product\/13748","targetHints":{"allow":["GET"]}}],"collection":[{"href":"https:\/\/server.idssoft.net\/idsdemo\/wp-json\/wp\/v2\/product"}],"about":[{"href":"https:\/\/server.idssoft.net\/idsdemo\/wp-json\/wp\/v2\/types\/product"}],"replies":[{"embeddable":true,"href":"https:\/\/server.idssoft.net\/idsdemo\/wp-json\/wp\/v2\/comments?post=13748"}],"wp:featuredmedia":[{"embeddable":true,"href":"https:\/\/server.idssoft.net\/idsdemo\/wp-json\/wp\/v2\/media\/13746"}],"wp:attachment":[{"href":"https:\/\/server.idssoft.net\/idsdemo\/wp-json\/wp\/v2\/media?parent=13748"}],"wp:term":[{"taxonomy":"product_cat","embeddable":true,"href":"https:\/\/server.idssoft.net\/idsdemo\/wp-json\/wp\/v2\/product_cat?post=13748"},{"taxonomy":"product_tag","embeddable":true,"href":"https:\/\/server.idssoft.net\/idsdemo\/wp-json\/wp\/v2\/product_tag?post=13748"}],"curies":[{"name":"wp","href":"https:\/\/api.w.org\/{rel}","templated":true}]}}