{"id":13751,"date":"2021-06-23T14:46:18","date_gmt":"2021-06-23T14:46:18","guid":{"rendered":"https:\/\/server.idssoft.net\/idsdemo\/producto\/grill-alutherm-28x28cm-aluminio-3004-fagor\/"},"modified":"2021-06-23T14:46:18","modified_gmt":"2021-06-23T14:46:18","slug":"grill-alutherm-28x28cm-aluminio-3004-fagor","status":"publish","type":"product","link":"https:\/\/server.idssoft.net\/idsdemo\/producto\/grill-alutherm-28x28cm-aluminio-3004-fagor\/","title":{"rendered":"GRILL ALUTHERM 28X28CM ALUMINIO 3004 FAGOR"},"content":{"rendered":"<p>. Aluminio fundido de alto espesor<br \/>. Antiadherente de doble capa xylan plus reforzado granito<br \/>. Fondo termodifusor impaksteel de m\u00e1xima resistencia que optimiza la conductibilidad t\u00e9rmica.<br \/>. Mangos ergon\u00f3micos de baquelita termoaisla<\/p>\n","protected":false},"excerpt":{"rendered":"<p>. Aluminio fundido de alto espesor. Antiadherente de doble capa xylan plus reforzado granito. Fondo termodifusor impaksteel de m\u00e1xima resistencia que optimiza la conductibilidad t\u00e9rmica.. Mangos ergon\u00f3micos de baquelita termoaisla<\/p>\n","protected":false},"featured_media":13749,"comment_status":"open","ping_status":"closed","template":"","meta":[],"product_cat":[526],"product_tag":[],"class_list":["post-13751","product","type-product","status-publish","has-post-thumbnail","hentry","product_cat-sartenes","thunk-woo-product-list","opn-qv-enable","top-store-woo-hover-","top-store-single-product-tab-horizontal","top-store-shadow-","top-store-shadow-hover-"],"_links":{"self":[{"href":"https:\/\/server.idssoft.net\/idsdemo\/wp-json\/wp\/v2\/product\/13751","targetHints":{"allow":["GET"]}}],"collection":[{"href":"https:\/\/server.idssoft.net\/idsdemo\/wp-json\/wp\/v2\/product"}],"about":[{"href":"https:\/\/server.idssoft.net\/idsdemo\/wp-json\/wp\/v2\/types\/product"}],"replies":[{"embeddable":true,"href":"https:\/\/server.idssoft.net\/idsdemo\/wp-json\/wp\/v2\/comments?post=13751"}],"wp:featuredmedia":[{"embeddable":true,"href":"https:\/\/server.idssoft.net\/idsdemo\/wp-json\/wp\/v2\/media\/13749"}],"wp:attachment":[{"href":"https:\/\/server.idssoft.net\/idsdemo\/wp-json\/wp\/v2\/media?parent=13751"}],"wp:term":[{"taxonomy":"product_cat","embeddable":true,"href":"https:\/\/server.idssoft.net\/idsdemo\/wp-json\/wp\/v2\/product_cat?post=13751"},{"taxonomy":"product_tag","embeddable":true,"href":"https:\/\/server.idssoft.net\/idsdemo\/wp-json\/wp\/v2\/product_tag?post=13751"}],"curies":[{"name":"wp","href":"https:\/\/api.w.org\/{rel}","templated":true}]}}