{"id":13762,"date":"2021-06-23T14:46:37","date_gmt":"2021-06-23T14:46:37","guid":{"rendered":"https:\/\/server.idssoft.net\/idsdemo\/producto\/cazo-maxima-16cm-diametro-roja-aluminio-3004-fagor\/"},"modified":"2021-06-23T14:46:37","modified_gmt":"2021-06-23T14:46:37","slug":"cazo-maxima-16cm-diametro-roja-aluminio-3004-fagor","status":"publish","type":"product","link":"https:\/\/server.idssoft.net\/idsdemo\/producto\/cazo-maxima-16cm-diametro-roja-aluminio-3004-fagor\/","title":{"rendered":"CAZO MAXIMA 16CM DIAMETRO ROJA ALUMINIO 3004 FAGOR"},"content":{"rendered":"<p>. 16cm de di\u00e1metro<br \/>. Aluminio forjado de 4mm<br \/>. Antiadherente de doble capa XYLAN PLUX<br \/>. Fondo termodifusor FULLBASE de m\u00e1xima resistencia y conductibilidad<br \/>. Asas ergon\u00f3micas de baquelita termoaislante<br \/>. Acabado exterior en<\/p>\n","protected":false},"excerpt":{"rendered":"<p>. 16cm de di\u00e1metro. Aluminio forjado de 4mm. Antiadherente de doble capa XYLAN PLUX. Fondo termodifusor FULLBASE de m\u00e1xima resistencia y conductibilidad. Asas ergon\u00f3micas de baquelita termoaislante. Acabado exterior en<\/p>\n","protected":false},"featured_media":13761,"comment_status":"open","ping_status":"closed","template":"","meta":[],"product_cat":[517],"product_tag":[],"class_list":["post-13762","product","type-product","status-publish","has-post-thumbnail","hentry","product_cat-cacerolas-ollas-y-cazos","thunk-woo-product-list","opn-qv-enable","top-store-woo-hover-","top-store-single-product-tab-horizontal","top-store-shadow-","top-store-shadow-hover-"],"_links":{"self":[{"href":"https:\/\/server.idssoft.net\/idsdemo\/wp-json\/wp\/v2\/product\/13762","targetHints":{"allow":["GET"]}}],"collection":[{"href":"https:\/\/server.idssoft.net\/idsdemo\/wp-json\/wp\/v2\/product"}],"about":[{"href":"https:\/\/server.idssoft.net\/idsdemo\/wp-json\/wp\/v2\/types\/product"}],"replies":[{"embeddable":true,"href":"https:\/\/server.idssoft.net\/idsdemo\/wp-json\/wp\/v2\/comments?post=13762"}],"wp:featuredmedia":[{"embeddable":true,"href":"https:\/\/server.idssoft.net\/idsdemo\/wp-json\/wp\/v2\/media\/13761"}],"wp:attachment":[{"href":"https:\/\/server.idssoft.net\/idsdemo\/wp-json\/wp\/v2\/media?parent=13762"}],"wp:term":[{"taxonomy":"product_cat","embeddable":true,"href":"https:\/\/server.idssoft.net\/idsdemo\/wp-json\/wp\/v2\/product_cat?post=13762"},{"taxonomy":"product_tag","embeddable":true,"href":"https:\/\/server.idssoft.net\/idsdemo\/wp-json\/wp\/v2\/product_tag?post=13762"}],"curies":[{"name":"wp","href":"https:\/\/api.w.org\/{rel}","templated":true}]}}