{"id":13817,"date":"2021-06-23T14:48:10","date_gmt":"2021-06-23T14:48:10","guid":{"rendered":"https:\/\/server.idssoft.net\/idsdemo\/producto\/telefono-senior-inalambrico-swissvoice-xtra-2155-blanco\/"},"modified":"2021-06-23T14:48:10","modified_gmt":"2021-06-23T14:48:10","slug":"telefono-senior-inalambrico-swissvoice-xtra-2155-blanco","status":"publish","type":"product","link":"https:\/\/server.idssoft.net\/idsdemo\/producto\/telefono-senior-inalambrico-swissvoice-xtra-2155-blanco\/","title":{"rendered":"TELEFONO SENIOR INALAMBRICO SWISSVOICE XTRA 2155 BLANCO"},"content":{"rendered":"<p>&#8211; Tecnolog\u00eda: Con tecnolog\u00eda DECT<br \/>&#8211; Alcance DECT: alcance 50m en interiores y 300m en el aire libre<br \/>&#8211; Funci\u00f3n manos libres: Con funci\u00f3n manos libre  <br \/>&#8211; Calidad del sonido: Sonido de alta calidad<br \/>&#8211; Pantalla: Alfanum\u00e9rico<br \/>&#8211; Pant<\/p>\n","protected":false},"excerpt":{"rendered":"<p>&#8211; Tecnolog\u00eda: Con tecnolog\u00eda DECT&#8211; Alcance DECT: alcance 50m en interiores y 300m en el aire libre&#8211; Funci\u00f3n manos libres: Con funci\u00f3n manos libre &#8211; Calidad del sonido: Sonido de alta calidad&#8211; Pantalla: Alfanum\u00e9rico&#8211; Pant<\/p>\n","protected":false},"featured_media":13816,"comment_status":"open","ping_status":"closed","template":"","meta":[],"product_cat":[488],"product_tag":[],"class_list":["post-13817","product","type-product","status-publish","has-post-thumbnail","hentry","product_cat-telefonia-fija-inalmbrica","thunk-woo-product-list","opn-qv-enable","top-store-woo-hover-","top-store-single-product-tab-horizontal","top-store-shadow-","top-store-shadow-hover-"],"_links":{"self":[{"href":"https:\/\/server.idssoft.net\/idsdemo\/wp-json\/wp\/v2\/product\/13817","targetHints":{"allow":["GET"]}}],"collection":[{"href":"https:\/\/server.idssoft.net\/idsdemo\/wp-json\/wp\/v2\/product"}],"about":[{"href":"https:\/\/server.idssoft.net\/idsdemo\/wp-json\/wp\/v2\/types\/product"}],"replies":[{"embeddable":true,"href":"https:\/\/server.idssoft.net\/idsdemo\/wp-json\/wp\/v2\/comments?post=13817"}],"wp:featuredmedia":[{"embeddable":true,"href":"https:\/\/server.idssoft.net\/idsdemo\/wp-json\/wp\/v2\/media\/13816"}],"wp:attachment":[{"href":"https:\/\/server.idssoft.net\/idsdemo\/wp-json\/wp\/v2\/media?parent=13817"}],"wp:term":[{"taxonomy":"product_cat","embeddable":true,"href":"https:\/\/server.idssoft.net\/idsdemo\/wp-json\/wp\/v2\/product_cat?post=13817"},{"taxonomy":"product_tag","embeddable":true,"href":"https:\/\/server.idssoft.net\/idsdemo\/wp-json\/wp\/v2\/product_tag?post=13817"}],"curies":[{"name":"wp","href":"https:\/\/api.w.org\/{rel}","templated":true}]}}