{"id":13820,"date":"2021-06-23T14:48:14","date_gmt":"2021-06-23T14:48:14","guid":{"rendered":"https:\/\/server.idssoft.net\/idsdemo\/producto\/auriculares-con-microfono-gxt310-trust\/"},"modified":"2021-06-23T14:48:14","modified_gmt":"2021-06-23T14:48:14","slug":"auriculares-con-microfono-gxt310-trust","status":"publish","type":"product","link":"https:\/\/server.idssoft.net\/idsdemo\/producto\/auriculares-con-microfono-gxt310-trust\/","title":{"rendered":"AURICULARES CON MICROFONO GXT310 TRUST"},"content":{"rendered":"<p>C\u00f3modos auriculares de oreja para juegos con micr\u00f3fono ajustable y potente sonido<\/p>\n<p>&#8211; Sonido potente<br \/>&#8211; Suaves y c\u00f3modas almohadillas para las orejas<br \/>&#8211; Micr\u00f3fono ajustable y banda para la cabeza<br \/>&#8211; Cable de 1 m para consolas<br \/>&#8211;<\/p>\n","protected":false},"excerpt":{"rendered":"<p>C\u00f3modos auriculares de oreja para juegos con micr\u00f3fono ajustable y potente sonido &#8211; Sonido potente&#8211; Suaves y c\u00f3modas almohadillas para las orejas&#8211; Micr\u00f3fono ajustable y banda para la cabeza&#8211; Cable de 1 m para consolas&#8211;<\/p>\n","protected":false},"featured_media":13818,"comment_status":"open","ping_status":"closed","template":"","meta":[],"product_cat":[559],"product_tag":[],"class_list":["post-13820","product","type-product","status-publish","has-post-thumbnail","hentry","product_cat-auriculares-gaming","thunk-woo-product-list","opn-qv-enable","top-store-woo-hover-","top-store-single-product-tab-horizontal","top-store-shadow-","top-store-shadow-hover-"],"_links":{"self":[{"href":"https:\/\/server.idssoft.net\/idsdemo\/wp-json\/wp\/v2\/product\/13820","targetHints":{"allow":["GET"]}}],"collection":[{"href":"https:\/\/server.idssoft.net\/idsdemo\/wp-json\/wp\/v2\/product"}],"about":[{"href":"https:\/\/server.idssoft.net\/idsdemo\/wp-json\/wp\/v2\/types\/product"}],"replies":[{"embeddable":true,"href":"https:\/\/server.idssoft.net\/idsdemo\/wp-json\/wp\/v2\/comments?post=13820"}],"wp:featuredmedia":[{"embeddable":true,"href":"https:\/\/server.idssoft.net\/idsdemo\/wp-json\/wp\/v2\/media\/13818"}],"wp:attachment":[{"href":"https:\/\/server.idssoft.net\/idsdemo\/wp-json\/wp\/v2\/media?parent=13820"}],"wp:term":[{"taxonomy":"product_cat","embeddable":true,"href":"https:\/\/server.idssoft.net\/idsdemo\/wp-json\/wp\/v2\/product_cat?post=13820"},{"taxonomy":"product_tag","embeddable":true,"href":"https:\/\/server.idssoft.net\/idsdemo\/wp-json\/wp\/v2\/product_tag?post=13820"}],"curies":[{"name":"wp","href":"https:\/\/api.w.org\/{rel}","templated":true}]}}