{"id":13834,"date":"2021-06-23T14:48:44","date_gmt":"2021-06-23T14:48:44","guid":{"rendered":"https:\/\/server.idssoft.net\/idsdemo\/producto\/hervidor-de-agua-1-8-litros-2200w-muvip\/"},"modified":"2021-06-23T14:48:44","modified_gmt":"2021-06-23T14:48:44","slug":"hervidor-de-agua-1-8-litros-2200w-muvip","status":"publish","type":"product","link":"https:\/\/server.idssoft.net\/idsdemo\/producto\/hervidor-de-agua-1-8-litros-2200w-muvip\/","title":{"rendered":"HERVIDOR DE AGUA 1.8 LITROS 2200W MUVIP"},"content":{"rendered":"<p>&#8211; Potencia: 2.200W<br \/>&#8211; Capacidad: 1.8 Litros<br \/>&#8211; Indicador nivel de agua<br \/>&#8211; Base giratoria 360\u00ba<br \/>&#8211; Protecci\u00f3n Sobre-Calentamiento<br \/>&#8211; Apagado autom\u00e1tico<br \/>&#8211; Tapa con cierre de seguridad<br \/>&#8211; Indicaci\u00f3n luminosa durante ebulli<\/p>\n","protected":false},"excerpt":{"rendered":"<p>&#8211; Potencia: 2.200W&#8211; Capacidad: 1.8 Litros&#8211; Indicador nivel de agua&#8211; Base giratoria 360\u00ba&#8211; Protecci\u00f3n Sobre-Calentamiento&#8211; Apagado autom\u00e1tico&#8211; Tapa con cierre de seguridad&#8211; Indicaci\u00f3n luminosa durante ebulli<\/p>\n","protected":false},"featured_media":13833,"comment_status":"open","ping_status":"closed","template":"","meta":[],"product_cat":[622],"product_tag":[],"class_list":["post-13834","product","type-product","status-publish","has-post-thumbnail","hentry","product_cat-inicio","thunk-woo-product-list","opn-qv-enable","top-store-woo-hover-","top-store-single-product-tab-horizontal","top-store-shadow-","top-store-shadow-hover-"],"_links":{"self":[{"href":"https:\/\/server.idssoft.net\/idsdemo\/wp-json\/wp\/v2\/product\/13834","targetHints":{"allow":["GET"]}}],"collection":[{"href":"https:\/\/server.idssoft.net\/idsdemo\/wp-json\/wp\/v2\/product"}],"about":[{"href":"https:\/\/server.idssoft.net\/idsdemo\/wp-json\/wp\/v2\/types\/product"}],"replies":[{"embeddable":true,"href":"https:\/\/server.idssoft.net\/idsdemo\/wp-json\/wp\/v2\/comments?post=13834"}],"wp:featuredmedia":[{"embeddable":true,"href":"https:\/\/server.idssoft.net\/idsdemo\/wp-json\/wp\/v2\/media\/13833"}],"wp:attachment":[{"href":"https:\/\/server.idssoft.net\/idsdemo\/wp-json\/wp\/v2\/media?parent=13834"}],"wp:term":[{"taxonomy":"product_cat","embeddable":true,"href":"https:\/\/server.idssoft.net\/idsdemo\/wp-json\/wp\/v2\/product_cat?post=13834"},{"taxonomy":"product_tag","embeddable":true,"href":"https:\/\/server.idssoft.net\/idsdemo\/wp-json\/wp\/v2\/product_tag?post=13834"}],"curies":[{"name":"wp","href":"https:\/\/api.w.org\/{rel}","templated":true}]}}