{"id":13836,"date":"2021-06-23T14:48:49","date_gmt":"2021-06-23T14:48:49","guid":{"rendered":"https:\/\/server.idssoft.net\/idsdemo\/producto\/hervidor-de-agua-0-9-litros-1300w-muvip\/"},"modified":"2021-06-23T14:48:49","modified_gmt":"2021-06-23T14:48:49","slug":"hervidor-de-agua-0-9-litros-1300w-muvip","status":"publish","type":"product","link":"https:\/\/server.idssoft.net\/idsdemo\/producto\/hervidor-de-agua-0-9-litros-1300w-muvip\/","title":{"rendered":"HERVIDOR DE AGUA 0.9 LITROS 1300W MUVIP"},"content":{"rendered":"<p>&#8211; Potencia: 1.300W<br \/>&#8211; Capacidad: 0.9 Litros<br \/>&#8211; Indicador nivel de agua<br \/>&#8211; Base giratoria 360\u00ba<br \/>&#8211; Protecci\u00f3n Sobre-Calentamiento<br \/>&#8211; Apagado autom\u00e1tico<br \/>&#8211; Tapa con cierre de seguridad<br \/>&#8211; Indicaci\u00f3n luminosa durante ebulli<\/p>\n","protected":false},"excerpt":{"rendered":"<p>&#8211; Potencia: 1.300W&#8211; Capacidad: 0.9 Litros&#8211; Indicador nivel de agua&#8211; Base giratoria 360\u00ba&#8211; Protecci\u00f3n Sobre-Calentamiento&#8211; Apagado autom\u00e1tico&#8211; Tapa con cierre de seguridad&#8211; Indicaci\u00f3n luminosa durante ebulli<\/p>\n","protected":false},"featured_media":13835,"comment_status":"open","ping_status":"closed","template":"","meta":[],"product_cat":[622],"product_tag":[],"class_list":["post-13836","product","type-product","status-publish","has-post-thumbnail","hentry","product_cat-inicio","thunk-woo-product-list","opn-qv-enable","top-store-woo-hover-","top-store-single-product-tab-horizontal","top-store-shadow-","top-store-shadow-hover-"],"_links":{"self":[{"href":"https:\/\/server.idssoft.net\/idsdemo\/wp-json\/wp\/v2\/product\/13836","targetHints":{"allow":["GET"]}}],"collection":[{"href":"https:\/\/server.idssoft.net\/idsdemo\/wp-json\/wp\/v2\/product"}],"about":[{"href":"https:\/\/server.idssoft.net\/idsdemo\/wp-json\/wp\/v2\/types\/product"}],"replies":[{"embeddable":true,"href":"https:\/\/server.idssoft.net\/idsdemo\/wp-json\/wp\/v2\/comments?post=13836"}],"wp:featuredmedia":[{"embeddable":true,"href":"https:\/\/server.idssoft.net\/idsdemo\/wp-json\/wp\/v2\/media\/13835"}],"wp:attachment":[{"href":"https:\/\/server.idssoft.net\/idsdemo\/wp-json\/wp\/v2\/media?parent=13836"}],"wp:term":[{"taxonomy":"product_cat","embeddable":true,"href":"https:\/\/server.idssoft.net\/idsdemo\/wp-json\/wp\/v2\/product_cat?post=13836"},{"taxonomy":"product_tag","embeddable":true,"href":"https:\/\/server.idssoft.net\/idsdemo\/wp-json\/wp\/v2\/product_tag?post=13836"}],"curies":[{"name":"wp","href":"https:\/\/api.w.org\/{rel}","templated":true}]}}